{"id":289658,"date":"2026-01-14T23:27:52","date_gmt":"2026-01-14T20:27:52","guid":{"rendered":"https:\/\/baldumarket.lt\/product\/lozko-dzieciece-cypi-ii-asm\/"},"modified":"2026-01-17T15:55:11","modified_gmt":"2026-01-17T12:55:11","slug":"lozko-dzieciece-cypi-ii-asm","status":"publish","type":"product","link":"https:\/\/baldumarket.lt\/lt\/produktas\/lozko-dzieciece-cypi-ii-asm\/","title":{"rendered":"\u0141\u00f3\u017cko dzieci\u0119ce Cypi II ASM"},"content":{"rendered":"<p>Made of pine wood (from FSC-certified forests). Adjustable slat height. 3 removable rungs. Straight headboard frames. Complies with EN 716-1: 2008 + A1: 2013 and EN 716-2: 2008 + A1: 2013 standards. Painted to EN 71-3: 2013 standard.<\/p>","protected":false},"excerpt":{"rendered":"<p>Width (cm): 124<br \/>\nHeight (cm): 89<br \/>\nDepth (cm): 65<\/p>","protected":false},"featured_media":289659,"comment_status":"open","ping_status":"open","template":"","meta":[],"product_brand":[],"product_cat":[9202,505],"product_tag":[],"class_list":{"0":"post-289658","1":"product","2":"type-product","3":"status-publish","4":"has-post-thumbnail","6":"product_cat-asm","7":"product_cat-bedroom-beds","9":"first","10":"instock","11":"purchasable","12":"product-type-simple"},"_links":{"self":[{"href":"https:\/\/baldumarket.lt\/lt\/wp-json\/wp\/v2\/product\/289658","targetHints":{"allow":["GET"]}}],"collection":[{"href":"https:\/\/baldumarket.lt\/lt\/wp-json\/wp\/v2\/product"}],"about":[{"href":"https:\/\/baldumarket.lt\/lt\/wp-json\/wp\/v2\/types\/product"}],"replies":[{"embeddable":true,"href":"https:\/\/baldumarket.lt\/lt\/wp-json\/wp\/v2\/comments?post=289658"}],"wp:featuredmedia":[{"embeddable":true,"href":"https:\/\/baldumarket.lt\/lt\/wp-json\/wp\/v2\/media\/289659"}],"wp:attachment":[{"href":"https:\/\/baldumarket.lt\/lt\/wp-json\/wp\/v2\/media?parent=289658"}],"wp:term":[{"taxonomy":"product_brand","embeddable":true,"href":"https:\/\/baldumarket.lt\/lt\/wp-json\/wp\/v2\/product_brand?post=289658"},{"taxonomy":"product_cat","embeddable":true,"href":"https:\/\/baldumarket.lt\/lt\/wp-json\/wp\/v2\/product_cat?post=289658"},{"taxonomy":"product_tag","embeddable":true,"href":"https:\/\/baldumarket.lt\/lt\/wp-json\/wp\/v2\/product_tag?post=289658"}],"curies":[{"name":"wp","href":"https:\/\/api.w.org\/{rel}","templated":true}]}}