{"id":289649,"date":"2026-01-14T23:27:46","date_gmt":"2026-01-14T20:27:46","guid":{"rendered":"https:\/\/baldumarket.lt\/product\/szafka-dino-typ-07-asm\/"},"modified":"2026-02-11T18:17:04","modified_gmt":"2026-02-11T15:17:04","slug":"szafka-dino-typ-07-asm","status":"publish","type":"product","link":"https:\/\/baldumarket.lt\/lt\/product\/szafka-dino-typ-07-asm\/","title":{"rendered":"Dino spintel\u0117, tipas 07 ASM"},"content":{"rendered":"<p>Prie sienos tvirtinama spintel\u0117 su dviem lentynomis ir dviem durel\u0117mis. \/ balta galin\u0117 panel\u0117<\/p>","protected":false},"excerpt":{"rendered":"<p>Plotis (cm): 204<br \/>\n\u016agis (cm): 39<br \/>\nGylis (cm): 25<\/p>","protected":false},"featured_media":289650,"comment_status":"open","ping_status":"open","template":"","meta":[],"product_brand":[],"product_cat":[9202,1174],"product_tag":[],"class_list":{"0":"post-289649","1":"product","2":"type-product","3":"status-publish","4":"has-post-thumbnail","6":"product_cat-asm","7":"product_cat-hanging-shelves","9":"first","10":"instock","11":"purchasable","12":"product-type-simple"},"_links":{"self":[{"href":"https:\/\/baldumarket.lt\/lt\/wp-json\/wp\/v2\/product\/289649","targetHints":{"allow":["GET"]}}],"collection":[{"href":"https:\/\/baldumarket.lt\/lt\/wp-json\/wp\/v2\/product"}],"about":[{"href":"https:\/\/baldumarket.lt\/lt\/wp-json\/wp\/v2\/types\/product"}],"replies":[{"embeddable":true,"href":"https:\/\/baldumarket.lt\/lt\/wp-json\/wp\/v2\/comments?post=289649"}],"wp:featuredmedia":[{"embeddable":true,"href":"https:\/\/baldumarket.lt\/lt\/wp-json\/wp\/v2\/media\/289650"}],"wp:attachment":[{"href":"https:\/\/baldumarket.lt\/lt\/wp-json\/wp\/v2\/media?parent=289649"}],"wp:term":[{"taxonomy":"product_brand","embeddable":true,"href":"https:\/\/baldumarket.lt\/lt\/wp-json\/wp\/v2\/product_brand?post=289649"},{"taxonomy":"product_cat","embeddable":true,"href":"https:\/\/baldumarket.lt\/lt\/wp-json\/wp\/v2\/product_cat?post=289649"},{"taxonomy":"product_tag","embeddable":true,"href":"https:\/\/baldumarket.lt\/lt\/wp-json\/wp\/v2\/product_tag?post=289649"}],"curies":[{"name":"wp","href":"https:\/\/api.w.org\/{rel}","templated":true}]}}