{"id":289642,"date":"2026-01-14T23:27:41","date_gmt":"2026-01-14T20:27:41","guid":{"rendered":"https:\/\/baldumarket.lt\/product\/szafa-dino-typ-01-asm\/"},"modified":"2026-02-11T18:17:04","modified_gmt":"2026-02-11T15:17:04","slug":"szafa-dino-typ-01-asm","status":"publish","type":"product","link":"https:\/\/baldumarket.lt\/lt\/product\/szafa-dino-typ-01-asm\/","title":{"rendered":"Dino spinta, tipas 01 ASM"},"content":{"rendered":"<p>Spinta su 3 durimis (viena su veidrod\u017eiu). Viduje 3 lentynos ir 3 stal\u010diai. Spintos \u0161onuose yra po 2 lentynas ir pakaba daiktams.<\/p>","protected":false},"excerpt":{"rendered":"<p>Plotis (cm): 191<br \/>\n\u016agis (cm): 135<br \/>\nGylis (cm): 55<\/p>","protected":false},"featured_media":289643,"comment_status":"open","ping_status":"open","template":"","meta":[],"product_brand":[],"product_cat":[9202,1177],"product_tag":[],"class_list":{"0":"post-289642","1":"product","2":"type-product","3":"status-publish","4":"has-post-thumbnail","6":"product_cat-asm","7":"product_cat-wardrobes","9":"first","10":"instock","11":"purchasable","12":"product-type-simple"},"_links":{"self":[{"href":"https:\/\/baldumarket.lt\/lt\/wp-json\/wp\/v2\/product\/289642","targetHints":{"allow":["GET"]}}],"collection":[{"href":"https:\/\/baldumarket.lt\/lt\/wp-json\/wp\/v2\/product"}],"about":[{"href":"https:\/\/baldumarket.lt\/lt\/wp-json\/wp\/v2\/types\/product"}],"replies":[{"embeddable":true,"href":"https:\/\/baldumarket.lt\/lt\/wp-json\/wp\/v2\/comments?post=289642"}],"wp:featuredmedia":[{"embeddable":true,"href":"https:\/\/baldumarket.lt\/lt\/wp-json\/wp\/v2\/media\/289643"}],"wp:attachment":[{"href":"https:\/\/baldumarket.lt\/lt\/wp-json\/wp\/v2\/media?parent=289642"}],"wp:term":[{"taxonomy":"product_brand","embeddable":true,"href":"https:\/\/baldumarket.lt\/lt\/wp-json\/wp\/v2\/product_brand?post=289642"},{"taxonomy":"product_cat","embeddable":true,"href":"https:\/\/baldumarket.lt\/lt\/wp-json\/wp\/v2\/product_cat?post=289642"},{"taxonomy":"product_tag","embeddable":true,"href":"https:\/\/baldumarket.lt\/lt\/wp-json\/wp\/v2\/product_tag?post=289642"}],"curies":[{"name":"wp","href":"https:\/\/api.w.org\/{rel}","templated":true}]}}