{"id":289638,"date":"2026-01-14T23:27:38","date_gmt":"2026-01-14T20:27:38","guid":{"rendered":"https:\/\/baldumarket.lt\/product\/szafa-dino-typ-03-asm\/"},"modified":"2026-02-11T18:17:04","modified_gmt":"2026-02-11T15:17:04","slug":"szafa-dino-typ-03-asm","status":"publish","type":"product","link":"https:\/\/baldumarket.lt\/lt\/product\/szafa-dino-typ-03-asm\/","title":{"rendered":"Dino spinta, tipas 03 ASM"},"content":{"rendered":"<p>Spinta su 2 durimis, viena lentyna viduje, skersiniu apa\u010dioje vienoje pus\u0117je ir 3 lentynomis kitoje pus\u0117je.<\/p>","protected":false},"excerpt":{"rendered":"<p>Plotis (cm): 191<br \/>\n\u016agis (cm): 90<br \/>\nGylis (cm): 55<\/p>","protected":false},"featured_media":289639,"comment_status":"open","ping_status":"open","template":"","meta":[],"product_brand":[],"product_cat":[9202,1177],"product_tag":[],"class_list":{"0":"post-289638","1":"product","2":"type-product","3":"status-publish","4":"has-post-thumbnail","6":"product_cat-asm","7":"product_cat-wardrobes","9":"first","10":"instock","11":"purchasable","12":"product-type-simple"},"_links":{"self":[{"href":"https:\/\/baldumarket.lt\/lt\/wp-json\/wp\/v2\/product\/289638","targetHints":{"allow":["GET"]}}],"collection":[{"href":"https:\/\/baldumarket.lt\/lt\/wp-json\/wp\/v2\/product"}],"about":[{"href":"https:\/\/baldumarket.lt\/lt\/wp-json\/wp\/v2\/types\/product"}],"replies":[{"embeddable":true,"href":"https:\/\/baldumarket.lt\/lt\/wp-json\/wp\/v2\/comments?post=289638"}],"wp:featuredmedia":[{"embeddable":true,"href":"https:\/\/baldumarket.lt\/lt\/wp-json\/wp\/v2\/media\/289639"}],"wp:attachment":[{"href":"https:\/\/baldumarket.lt\/lt\/wp-json\/wp\/v2\/media?parent=289638"}],"wp:term":[{"taxonomy":"product_brand","embeddable":true,"href":"https:\/\/baldumarket.lt\/lt\/wp-json\/wp\/v2\/product_brand?post=289638"},{"taxonomy":"product_cat","embeddable":true,"href":"https:\/\/baldumarket.lt\/lt\/wp-json\/wp\/v2\/product_cat?post=289638"},{"taxonomy":"product_tag","embeddable":true,"href":"https:\/\/baldumarket.lt\/lt\/wp-json\/wp\/v2\/product_tag?post=289638"}],"curies":[{"name":"wp","href":"https:\/\/api.w.org\/{rel}","templated":true}]}}