{"id":289596,"date":"2026-01-14T23:27:07","date_gmt":"2026-01-14T20:27:07","guid":{"rendered":"https:\/\/baldumarket.lt\/product\/garderoba-easy-3-asm\/"},"modified":"2026-02-11T18:17:05","modified_gmt":"2026-02-11T15:17:05","slug":"garderoba-easy-3-asm","status":"publish","type":"product","link":"https:\/\/baldumarket.lt\/lt\/product\/garderoba-easy-3-asm\/","title":{"rendered":"EASY 3 ASM spinta"},"content":{"rendered":"<p>04 tipas: Skydelis su dviem lentynomis. 05 tipas: stal\u010dius. 06 tipas: Spintel\u0117: durel\u0117s, vienas skyrius u\u017e j\u0173.<\/p>","protected":false},"excerpt":{"rendered":"<p>Plotis (cm): 100<br \/>\n\u016agis (cm): 170<br \/>\nGylis (cm): 30<\/p>","protected":false},"featured_media":289597,"comment_status":"open","ping_status":"open","template":"","meta":[],"product_brand":[],"product_cat":[9202,1177],"product_tag":[],"class_list":{"0":"post-289596","1":"product","2":"type-product","3":"status-publish","4":"has-post-thumbnail","6":"product_cat-asm","7":"product_cat-wardrobes","9":"first","10":"instock","11":"purchasable","12":"product-type-simple"},"_links":{"self":[{"href":"https:\/\/baldumarket.lt\/lt\/wp-json\/wp\/v2\/product\/289596","targetHints":{"allow":["GET"]}}],"collection":[{"href":"https:\/\/baldumarket.lt\/lt\/wp-json\/wp\/v2\/product"}],"about":[{"href":"https:\/\/baldumarket.lt\/lt\/wp-json\/wp\/v2\/types\/product"}],"replies":[{"embeddable":true,"href":"https:\/\/baldumarket.lt\/lt\/wp-json\/wp\/v2\/comments?post=289596"}],"wp:featuredmedia":[{"embeddable":true,"href":"https:\/\/baldumarket.lt\/lt\/wp-json\/wp\/v2\/media\/289597"}],"wp:attachment":[{"href":"https:\/\/baldumarket.lt\/lt\/wp-json\/wp\/v2\/media?parent=289596"}],"wp:term":[{"taxonomy":"product_brand","embeddable":true,"href":"https:\/\/baldumarket.lt\/lt\/wp-json\/wp\/v2\/product_brand?post=289596"},{"taxonomy":"product_cat","embeddable":true,"href":"https:\/\/baldumarket.lt\/lt\/wp-json\/wp\/v2\/product_cat?post=289596"},{"taxonomy":"product_tag","embeddable":true,"href":"https:\/\/baldumarket.lt\/lt\/wp-json\/wp\/v2\/product_tag?post=289596"}],"curies":[{"name":"wp","href":"https:\/\/api.w.org\/{rel}","templated":true}]}}