{"id":289565,"date":"2026-01-14T23:26:42","date_gmt":"2026-01-14T20:26:42","guid":{"rendered":"https:\/\/baldumarket.lt\/product\/fly-witryna-52-bialy-bialy-polysk-asm\/"},"modified":"2026-02-11T18:17:06","modified_gmt":"2026-02-11T15:17:06","slug":"fly-witryna-52-bialy-bialy-polysk-asm","status":"publish","type":"product","link":"https:\/\/baldumarket.lt\/lt\/product\/fly-witryna-52-bialy-bialy-polysk-asm\/","title":{"rendered":"Fly vitrina 52 balta\/balta blizgi ASM"},"content":{"rendered":"<p>52 tipo spintel\u0117: dalinai \u012fstiklinta priekin\u0117 dalis, atsidaro \u012f vir\u0161\u0173 (dujin\u0117s amortizatoriai), viduje trys skyriai, vidurinis ap\u0161viestas m\u0117lynu ap\u0161vietimu, blizg\u016bs PVC fasadai, spustel\u0117jimo sistema<\/p>","protected":false},"excerpt":{"rendered":"<p>Plotis (cm): 160<br \/>\n\u016agis (cm): 30<br \/>\nGylis (cm): 29<\/p>","protected":false},"featured_media":289566,"comment_status":"open","ping_status":"open","template":"","meta":[],"product_brand":[],"product_cat":[9202,2006],"product_tag":[],"class_list":{"0":"post-289565","1":"product","2":"type-product","3":"status-publish","4":"has-post-thumbnail","6":"product_cat-asm","7":"product_cat-vitrines","9":"first","10":"instock","11":"purchasable","12":"product-type-simple"},"_links":{"self":[{"href":"https:\/\/baldumarket.lt\/lt\/wp-json\/wp\/v2\/product\/289565","targetHints":{"allow":["GET"]}}],"collection":[{"href":"https:\/\/baldumarket.lt\/lt\/wp-json\/wp\/v2\/product"}],"about":[{"href":"https:\/\/baldumarket.lt\/lt\/wp-json\/wp\/v2\/types\/product"}],"replies":[{"embeddable":true,"href":"https:\/\/baldumarket.lt\/lt\/wp-json\/wp\/v2\/comments?post=289565"}],"wp:featuredmedia":[{"embeddable":true,"href":"https:\/\/baldumarket.lt\/lt\/wp-json\/wp\/v2\/media\/289566"}],"wp:attachment":[{"href":"https:\/\/baldumarket.lt\/lt\/wp-json\/wp\/v2\/media?parent=289565"}],"wp:term":[{"taxonomy":"product_brand","embeddable":true,"href":"https:\/\/baldumarket.lt\/lt\/wp-json\/wp\/v2\/product_brand?post=289565"},{"taxonomy":"product_cat","embeddable":true,"href":"https:\/\/baldumarket.lt\/lt\/wp-json\/wp\/v2\/product_cat?post=289565"},{"taxonomy":"product_tag","embeddable":true,"href":"https:\/\/baldumarket.lt\/lt\/wp-json\/wp\/v2\/product_tag?post=289565"}],"curies":[{"name":"wp","href":"https:\/\/api.w.org\/{rel}","templated":true}]}}