{"id":289550,"date":"2026-01-14T23:26:28","date_gmt":"2026-01-14T20:26:28","guid":{"rendered":"https:\/\/baldumarket.lt\/product\/mebloscianka-z-regalem-metalowym-switch-met-viii-czarny-asm\/"},"modified":"2026-02-11T18:17:06","modified_gmt":"2026-02-11T15:17:06","slug":"mebloscianka-z-regalem-metalowym-switch-met-viii-czarny-asm","status":"publish","type":"product","link":"https:\/\/baldumarket.lt\/lt\/product\/mebloscianka-z-regalem-metalowym-switch-met-viii-czarny-asm\/","title":{"rendered":"Sienin\u0117 spintel\u0117 su metaline lentyna Switch Met VIII juoda ASM"},"content":{"rendered":"<p>Pakabinama spintel\u0117: durel\u0117s, viena lentyna u\u017e j\u0173 (2 tarpai). Pakabinama spintel\u0117: durel\u0117s, dvi lentynos u\u017e j\u0173 (3 tarpai). Pakabinama vitrina: i\u0161 dalies \u012fstiklintos durel\u0117s, dvi stiklin\u0117s lentynos u\u017e j\u0173, ap\u0161viestos m\u0117lynu LED ap\u0161vietimu. Lentyna. Ma\u017ea metalin\u0117 lentyna: 2 lentynos. Ilga metalin\u0117 lentyna: 2 lentynos. Spragtelint atidaromi fasadai.<\/p>","protected":false},"excerpt":{"rendered":"<p>Plotis (cm): 240<br \/>\n\u016agis (cm): 151<br \/>\nGylis (cm): 40<\/p>","protected":false},"featured_media":289551,"comment_status":"open","ping_status":"open","template":"","meta":[],"product_brand":[],"product_cat":[9202,2008],"product_tag":[],"class_list":{"0":"post-289550","1":"product","2":"type-product","3":"status-publish","4":"has-post-thumbnail","6":"product_cat-asm","7":"product_cat-wall-units","9":"first","10":"instock","11":"purchasable","12":"product-type-simple"},"_links":{"self":[{"href":"https:\/\/baldumarket.lt\/lt\/wp-json\/wp\/v2\/product\/289550","targetHints":{"allow":["GET"]}}],"collection":[{"href":"https:\/\/baldumarket.lt\/lt\/wp-json\/wp\/v2\/product"}],"about":[{"href":"https:\/\/baldumarket.lt\/lt\/wp-json\/wp\/v2\/types\/product"}],"replies":[{"embeddable":true,"href":"https:\/\/baldumarket.lt\/lt\/wp-json\/wp\/v2\/comments?post=289550"}],"wp:featuredmedia":[{"embeddable":true,"href":"https:\/\/baldumarket.lt\/lt\/wp-json\/wp\/v2\/media\/289551"}],"wp:attachment":[{"href":"https:\/\/baldumarket.lt\/lt\/wp-json\/wp\/v2\/media?parent=289550"}],"wp:term":[{"taxonomy":"product_brand","embeddable":true,"href":"https:\/\/baldumarket.lt\/lt\/wp-json\/wp\/v2\/product_brand?post=289550"},{"taxonomy":"product_cat","embeddable":true,"href":"https:\/\/baldumarket.lt\/lt\/wp-json\/wp\/v2\/product_cat?post=289550"},{"taxonomy":"product_tag","embeddable":true,"href":"https:\/\/baldumarket.lt\/lt\/wp-json\/wp\/v2\/product_tag?post=289550"}],"curies":[{"name":"wp","href":"https:\/\/api.w.org\/{rel}","templated":true}]}}