{"id":289541,"date":"2026-01-14T23:26:22","date_gmt":"2026-01-14T20:26:22","guid":{"rendered":"https:\/\/baldumarket.lt\/product\/mebloscianka-z-regalem-metalowym-switch-met-vii-grafit-czarny-asm\/"},"modified":"2026-02-11T18:17:06","modified_gmt":"2026-02-11T15:17:06","slug":"mebloscianka-z-regalem-metalowym-switch-met-vii-grafit-czarny-asm","status":"publish","type":"product","link":"https:\/\/baldumarket.lt\/lt\/product\/mebloscianka-z-regalem-metalowym-switch-met-vii-grafit-czarny-asm\/","title":{"rendered":"Sienin\u0117 spintel\u0117 su metaline lentyna Switch Met VII grafito\/juodos spalvos ASM"},"content":{"rendered":"<p>Metalin\u0117 lentyn\u0173 sistema: 5 lentynos. Prie sienos pakabinama vitrina: i\u0161 dalies \u012fstiklintos durys, u\u017e kuri\u0173 yra 3 stiklin\u0117s lentynos, ap\u0161viestos m\u0117lynu LED ap\u0161vietimu. Prie sienos pakabinama lentyna. Televizoriaus spintel\u0117: atvartas ant dujini\u0173 amortizatori\u0173, viduje 3 skyriai. Priekin\u0117s dalys atidaromos spustel\u0117jimo mechanizmu.<\/p>","protected":false},"excerpt":{"rendered":"<p>Plotis (cm): 240<br \/>\n\u016agis (cm): 180<br \/>\nGylis (cm): 40<\/p>","protected":false},"featured_media":289542,"comment_status":"open","ping_status":"open","template":"","meta":[],"product_brand":[],"product_cat":[9202,2008],"product_tag":[],"class_list":{"0":"post-289541","1":"product","2":"type-product","3":"status-publish","4":"has-post-thumbnail","6":"product_cat-asm","7":"product_cat-wall-units","9":"first","10":"instock","11":"purchasable","12":"product-type-simple"},"_links":{"self":[{"href":"https:\/\/baldumarket.lt\/lt\/wp-json\/wp\/v2\/product\/289541","targetHints":{"allow":["GET"]}}],"collection":[{"href":"https:\/\/baldumarket.lt\/lt\/wp-json\/wp\/v2\/product"}],"about":[{"href":"https:\/\/baldumarket.lt\/lt\/wp-json\/wp\/v2\/types\/product"}],"replies":[{"embeddable":true,"href":"https:\/\/baldumarket.lt\/lt\/wp-json\/wp\/v2\/comments?post=289541"}],"wp:featuredmedia":[{"embeddable":true,"href":"https:\/\/baldumarket.lt\/lt\/wp-json\/wp\/v2\/media\/289542"}],"wp:attachment":[{"href":"https:\/\/baldumarket.lt\/lt\/wp-json\/wp\/v2\/media?parent=289541"}],"wp:term":[{"taxonomy":"product_brand","embeddable":true,"href":"https:\/\/baldumarket.lt\/lt\/wp-json\/wp\/v2\/product_brand?post=289541"},{"taxonomy":"product_cat","embeddable":true,"href":"https:\/\/baldumarket.lt\/lt\/wp-json\/wp\/v2\/product_cat?post=289541"},{"taxonomy":"product_tag","embeddable":true,"href":"https:\/\/baldumarket.lt\/lt\/wp-json\/wp\/v2\/product_tag?post=289541"}],"curies":[{"name":"wp","href":"https:\/\/api.w.org\/{rel}","templated":true}]}}