{"id":289520,"date":"2026-01-14T23:26:06","date_gmt":"2026-01-14T20:26:06","guid":{"rendered":"https:\/\/baldumarket.lt\/product\/mebloscianka-z-regalem-metalowym-switch-met-v-wotan-czarny-asm\/"},"modified":"2026-02-11T18:17:07","modified_gmt":"2026-02-11T15:17:07","slug":"mebloscianka-z-regalem-metalowym-switch-met-v-wotan-czarny-asm","status":"publish","type":"product","link":"https:\/\/baldumarket.lt\/lt\/product\/mebloscianka-z-regalem-metalowym-switch-met-v-wotan-czarny-asm\/","title":{"rendered":"Sienin\u0117 spintel\u0117 su metaline lentyna Switch Met V wotan\/juoda ASM"},"content":{"rendered":"<p>2 lentynos. Prie sienos tvirtinama spintel\u0117: durel\u0117s, viduje 3 lentynos (4 skyriai). Televizoriaus\/radijo spintel\u0117: centrinis atviras skyrius su lentyna, ap\u0161viesta m\u0117lynu LED ap\u0161vietimu. \u0160oniniai atvartai paremti dujin\u0117mis amortizatoriais, u\u017e kiekvieno yra po vien\u0105 skyri\u0173. Metalin\u0117 lentyna: 3 lentynos. Priekin\u0117s dalys atsidaro spustel\u0117jimo mechanizmu.<\/p>","protected":false},"excerpt":{"rendered":"<p>Plotis (cm): 270<br \/>\n\u016agis (cm): 180<br \/>\nGylis (cm): 40<\/p>","protected":false},"featured_media":289521,"comment_status":"open","ping_status":"open","template":"","meta":[],"product_brand":[],"product_cat":[9202,2008],"product_tag":[],"class_list":{"0":"post-289520","1":"product","2":"type-product","3":"status-publish","4":"has-post-thumbnail","6":"product_cat-asm","7":"product_cat-wall-units","9":"first","10":"instock","11":"purchasable","12":"product-type-simple"},"_links":{"self":[{"href":"https:\/\/baldumarket.lt\/lt\/wp-json\/wp\/v2\/product\/289520","targetHints":{"allow":["GET"]}}],"collection":[{"href":"https:\/\/baldumarket.lt\/lt\/wp-json\/wp\/v2\/product"}],"about":[{"href":"https:\/\/baldumarket.lt\/lt\/wp-json\/wp\/v2\/types\/product"}],"replies":[{"embeddable":true,"href":"https:\/\/baldumarket.lt\/lt\/wp-json\/wp\/v2\/comments?post=289520"}],"wp:featuredmedia":[{"embeddable":true,"href":"https:\/\/baldumarket.lt\/lt\/wp-json\/wp\/v2\/media\/289521"}],"wp:attachment":[{"href":"https:\/\/baldumarket.lt\/lt\/wp-json\/wp\/v2\/media?parent=289520"}],"wp:term":[{"taxonomy":"product_brand","embeddable":true,"href":"https:\/\/baldumarket.lt\/lt\/wp-json\/wp\/v2\/product_brand?post=289520"},{"taxonomy":"product_cat","embeddable":true,"href":"https:\/\/baldumarket.lt\/lt\/wp-json\/wp\/v2\/product_cat?post=289520"},{"taxonomy":"product_tag","embeddable":true,"href":"https:\/\/baldumarket.lt\/lt\/wp-json\/wp\/v2\/product_tag?post=289520"}],"curies":[{"name":"wp","href":"https:\/\/api.w.org\/{rel}","templated":true}]}}