{"id":289475,"date":"2026-01-14T23:25:29","date_gmt":"2026-01-14T20:25:29","guid":{"rendered":"https:\/\/baldumarket.lt\/product\/mebloscianka-z-regalem-metalowym-switch-met-ii-bialy-czarny-asm\/"},"modified":"2026-02-11T18:17:08","modified_gmt":"2026-02-11T15:17:08","slug":"mebloscianka-z-regalem-metalowym-switch-met-ii-bialy-czarny-asm","status":"publish","type":"product","link":"https:\/\/baldumarket.lt\/lt\/product\/mebloscianka-z-regalem-metalowym-switch-met-ii-bialy-czarny-asm\/","title":{"rendered":"Sienin\u0117 spintel\u0117 su metaline lentyna Switch Met II balta\/juoda ASM"},"content":{"rendered":"<p>Pakabinama vitrina: i\u0161 dalies \u012fstiklintos durys, u\u017e kuri\u0173 dvi stiklin\u0117s lentynos, ap\u0161viestos m\u0117lynu LED ap\u0161vietimu. Lentyna. TV\/radijo blokas: Dangtis, laikomas dujini\u0173 amortizatori\u0173, u\u017e kuri\u0173 trys skyriai. 2 x pakabinama spintel\u0117: durys, u\u017e kuri\u0173 po skyri\u0173. 2 x metalin\u0117s lentynos, kiekvienoje po dvi standartines lentynas. Pakabinama spintel\u0117: durys, u\u017e kuri\u0173 po vien\u0105 lentyn\u0105 (2 vietos). Metalin\u0117 lentyna \u2013 3 lentynos. Priekin\u0117s dalys atsidaro spustel\u0117jimo mechanizmu.<\/p>","protected":false},"excerpt":{"rendered":"<p>Plotis (cm): 250<br \/>\n\u016agis (cm): 170<br \/>\nGylis (cm): 40<\/p>","protected":false},"featured_media":289476,"comment_status":"open","ping_status":"open","template":"","meta":[],"product_brand":[],"product_cat":[9202,2008],"product_tag":[],"class_list":{"0":"post-289475","1":"product","2":"type-product","3":"status-publish","4":"has-post-thumbnail","6":"product_cat-asm","7":"product_cat-wall-units","9":"first","10":"instock","11":"purchasable","12":"product-type-simple"},"_links":{"self":[{"href":"https:\/\/baldumarket.lt\/lt\/wp-json\/wp\/v2\/product\/289475","targetHints":{"allow":["GET"]}}],"collection":[{"href":"https:\/\/baldumarket.lt\/lt\/wp-json\/wp\/v2\/product"}],"about":[{"href":"https:\/\/baldumarket.lt\/lt\/wp-json\/wp\/v2\/types\/product"}],"replies":[{"embeddable":true,"href":"https:\/\/baldumarket.lt\/lt\/wp-json\/wp\/v2\/comments?post=289475"}],"wp:featuredmedia":[{"embeddable":true,"href":"https:\/\/baldumarket.lt\/lt\/wp-json\/wp\/v2\/media\/289476"}],"wp:attachment":[{"href":"https:\/\/baldumarket.lt\/lt\/wp-json\/wp\/v2\/media?parent=289475"}],"wp:term":[{"taxonomy":"product_brand","embeddable":true,"href":"https:\/\/baldumarket.lt\/lt\/wp-json\/wp\/v2\/product_brand?post=289475"},{"taxonomy":"product_cat","embeddable":true,"href":"https:\/\/baldumarket.lt\/lt\/wp-json\/wp\/v2\/product_cat?post=289475"},{"taxonomy":"product_tag","embeddable":true,"href":"https:\/\/baldumarket.lt\/lt\/wp-json\/wp\/v2\/product_tag?post=289475"}],"curies":[{"name":"wp","href":"https:\/\/api.w.org\/{rel}","templated":true}]}}