{"id":289430,"date":"2026-01-14T23:24:52","date_gmt":"2026-01-14T20:24:52","guid":{"rendered":"https:\/\/baldumarket.lt\/product\/switch-komoda-iv-czarny-asm\/"},"modified":"2026-02-11T18:17:09","modified_gmt":"2026-02-11T15:17:09","slug":"switch-komoda-iv-czarny-asm","status":"publish","type":"product","link":"https:\/\/baldumarket.lt\/lt\/product\/switch-komoda-iv-czarny-asm\/","title":{"rendered":"Komoda su jungikliu IV juoda ASM"},"content":{"rendered":"<p>Pakabinama spintel\u0117: durel\u0117s, u\u017e kuri\u0173 yra viena standartin\u0117 lentyna (2 vietos). Pakabinama vitrina: i\u0161 dalies \u012fstiklintos durel\u0117s, u\u017e kuri\u0173 yra skyrius su stikline lentyna, ap\u0161viesta m\u0117lynu LED ap\u0161vietimu. 2x Pakabinamos vitrinos: i\u0161 dalies \u012fstiklintos durel\u0117s, u\u017e kuri\u0173 yra skyrius, ap\u0161viestas m\u0117lynu LED ap\u0161vietimu. 2x Pakabinama spintel\u0117: durel\u0117s, u\u017e kuri\u0173 yra vienas skyrius. Priekin\u0117s dalys atsidaro spustel\u0117jimo mechanizmu.<\/p>","protected":false},"excerpt":{"rendered":"<p>Plotis (cm): 150<br \/>\n\u016agis (cm): 80<br \/>\nGylis (cm): 25<\/p>","protected":false},"featured_media":289431,"comment_status":"open","ping_status":"open","template":"","meta":[],"product_brand":[],"product_cat":[9202,1173],"product_tag":[],"class_list":{"0":"post-289430","1":"product","2":"type-product","3":"status-publish","4":"has-post-thumbnail","6":"product_cat-asm","7":"product_cat-chests-of-drawers","9":"first","10":"instock","11":"purchasable","12":"product-type-simple"},"_links":{"self":[{"href":"https:\/\/baldumarket.lt\/lt\/wp-json\/wp\/v2\/product\/289430","targetHints":{"allow":["GET"]}}],"collection":[{"href":"https:\/\/baldumarket.lt\/lt\/wp-json\/wp\/v2\/product"}],"about":[{"href":"https:\/\/baldumarket.lt\/lt\/wp-json\/wp\/v2\/types\/product"}],"replies":[{"embeddable":true,"href":"https:\/\/baldumarket.lt\/lt\/wp-json\/wp\/v2\/comments?post=289430"}],"wp:featuredmedia":[{"embeddable":true,"href":"https:\/\/baldumarket.lt\/lt\/wp-json\/wp\/v2\/media\/289431"}],"wp:attachment":[{"href":"https:\/\/baldumarket.lt\/lt\/wp-json\/wp\/v2\/media?parent=289430"}],"wp:term":[{"taxonomy":"product_brand","embeddable":true,"href":"https:\/\/baldumarket.lt\/lt\/wp-json\/wp\/v2\/product_brand?post=289430"},{"taxonomy":"product_cat","embeddable":true,"href":"https:\/\/baldumarket.lt\/lt\/wp-json\/wp\/v2\/product_cat?post=289430"},{"taxonomy":"product_tag","embeddable":true,"href":"https:\/\/baldumarket.lt\/lt\/wp-json\/wp\/v2\/product_tag?post=289430"}],"curies":[{"name":"wp","href":"https:\/\/api.w.org\/{rel}","templated":true}]}}