{"id":289391,"date":"2026-01-14T23:24:20","date_gmt":"2026-01-14T20:24:20","guid":{"rendered":"https:\/\/baldumarket.lt\/product\/mebloscianka-switch-xxvi-bialy-czarny-asm\/"},"modified":"2026-02-11T18:17:09","modified_gmt":"2026-02-11T15:17:09","slug":"mebloscianka-switch-xxvi-bialy-czarny-asm","status":"publish","type":"product","link":"https:\/\/baldumarket.lt\/lt\/product\/mebloscianka-switch-xxvi-bialy-czarny-asm\/","title":{"rendered":"XXVI sienin\u0117 spintel\u0117, balta\/juoda ASM"},"content":{"rendered":"<p>Pakabinama spintel\u0117: durel\u0117s, u\u017e kuri\u0173 yra 2 standartin\u0117s lentynos (3 vietos). 4x pakabinamos vitrinos: i\u0161 dalies \u012fstiklintos durel\u0117s, u\u017e kuri\u0173 yra skyrius, ap\u0161viestas m\u0117lynu LED ap\u0161vietimu. Pakabinama spintel\u0117: durel\u0117s, u\u017e kuri\u0173 yra 1 standartin\u0117 lentyna (2 vietos). 2x televizoriaus spintel\u0117s: skyrius su stikline lentyna, ap\u0161viesta m\u0117lynu LED ap\u0161vietimu, \u0161alia kurio yra atvartas, paremtas dujin\u0117mis amortizatoriais, u\u017e kurio yra atviras skyrius. Priekin\u0117s dalys atidaromos spustel\u0117jimo mechanizmu.<\/p>","protected":false},"excerpt":{"rendered":"<p>Plotis (cm): 320<br \/>\n\u016agis (cm): 150<br \/>\nGylis (cm): 40<\/p>","protected":false},"featured_media":289392,"comment_status":"open","ping_status":"open","template":"","meta":[],"product_brand":[],"product_cat":[9202,2008],"product_tag":[],"class_list":{"0":"post-289391","1":"product","2":"type-product","3":"status-publish","4":"has-post-thumbnail","6":"product_cat-asm","7":"product_cat-wall-units","9":"first","10":"instock","11":"purchasable","12":"product-type-simple"},"_links":{"self":[{"href":"https:\/\/baldumarket.lt\/lt\/wp-json\/wp\/v2\/product\/289391","targetHints":{"allow":["GET"]}}],"collection":[{"href":"https:\/\/baldumarket.lt\/lt\/wp-json\/wp\/v2\/product"}],"about":[{"href":"https:\/\/baldumarket.lt\/lt\/wp-json\/wp\/v2\/types\/product"}],"replies":[{"embeddable":true,"href":"https:\/\/baldumarket.lt\/lt\/wp-json\/wp\/v2\/comments?post=289391"}],"wp:featuredmedia":[{"embeddable":true,"href":"https:\/\/baldumarket.lt\/lt\/wp-json\/wp\/v2\/media\/289392"}],"wp:attachment":[{"href":"https:\/\/baldumarket.lt\/lt\/wp-json\/wp\/v2\/media?parent=289391"}],"wp:term":[{"taxonomy":"product_brand","embeddable":true,"href":"https:\/\/baldumarket.lt\/lt\/wp-json\/wp\/v2\/product_brand?post=289391"},{"taxonomy":"product_cat","embeddable":true,"href":"https:\/\/baldumarket.lt\/lt\/wp-json\/wp\/v2\/product_cat?post=289391"},{"taxonomy":"product_tag","embeddable":true,"href":"https:\/\/baldumarket.lt\/lt\/wp-json\/wp\/v2\/product_tag?post=289391"}],"curies":[{"name":"wp","href":"https:\/\/api.w.org\/{rel}","templated":true}]}}