{"id":289328,"date":"2026-01-14T23:23:30","date_gmt":"2026-01-14T20:23:30","guid":{"rendered":"https:\/\/baldumarket.lt\/product\/mebloscianka-switch-xxiv-grafit-wotan-asm\/"},"modified":"2026-02-11T18:17:10","modified_gmt":"2026-02-11T15:17:10","slug":"mebloscianka-switch-xxiv-grafit-wotan-asm","status":"publish","type":"product","link":"https:\/\/baldumarket.lt\/lt\/product\/mebloscianka-switch-xxiv-grafit-wotan-asm\/","title":{"rendered":"XXIV grafito\/Wotano sieninis jungiklis ASM"},"content":{"rendered":"<p>Prie sienos pakabinama lentyna. 3x Prie sienos pakabinamos spintel\u0117s: durel\u0117s su vienu skyriumi u\u017e j\u0173. 3x Prie sienos pakabinamos vitrinos: i\u0161 dalies \u012fstiklintos durel\u0117s su skyriumi u\u017e j\u0173, ap\u0161viestu m\u0117lynu LED ap\u0161vietimu. 2x Televizoriaus spintel\u0117s: skyrius su stikline lentyna, ap\u0161viesta m\u0117lynu LED ap\u0161vietimu, \u0161alia jo yra atvartas, kur\u012f laiko dujin\u0117s atramos, ir atviras skyrius u\u017e jo. Priekin\u0117s dalys atidaromos spustel\u0117jimo mechanizmu.<\/p>","protected":false},"excerpt":{"rendered":"<p>Plotis (cm): 240<br \/>\n\u016agis (cm): 160<br \/>\nGylis (cm): 40<\/p>","protected":false},"featured_media":289329,"comment_status":"open","ping_status":"open","template":"","meta":[],"product_brand":[],"product_cat":[9202,2008],"product_tag":[],"class_list":{"0":"post-289328","1":"product","2":"type-product","3":"status-publish","4":"has-post-thumbnail","6":"product_cat-asm","7":"product_cat-wall-units","9":"first","10":"instock","11":"purchasable","12":"product-type-simple"},"_links":{"self":[{"href":"https:\/\/baldumarket.lt\/lt\/wp-json\/wp\/v2\/product\/289328","targetHints":{"allow":["GET"]}}],"collection":[{"href":"https:\/\/baldumarket.lt\/lt\/wp-json\/wp\/v2\/product"}],"about":[{"href":"https:\/\/baldumarket.lt\/lt\/wp-json\/wp\/v2\/types\/product"}],"replies":[{"embeddable":true,"href":"https:\/\/baldumarket.lt\/lt\/wp-json\/wp\/v2\/comments?post=289328"}],"wp:featuredmedia":[{"embeddable":true,"href":"https:\/\/baldumarket.lt\/lt\/wp-json\/wp\/v2\/media\/289329"}],"wp:attachment":[{"href":"https:\/\/baldumarket.lt\/lt\/wp-json\/wp\/v2\/media?parent=289328"}],"wp:term":[{"taxonomy":"product_brand","embeddable":true,"href":"https:\/\/baldumarket.lt\/lt\/wp-json\/wp\/v2\/product_brand?post=289328"},{"taxonomy":"product_cat","embeddable":true,"href":"https:\/\/baldumarket.lt\/lt\/wp-json\/wp\/v2\/product_cat?post=289328"},{"taxonomy":"product_tag","embeddable":true,"href":"https:\/\/baldumarket.lt\/lt\/wp-json\/wp\/v2\/product_tag?post=289328"}],"curies":[{"name":"wp","href":"https:\/\/api.w.org\/{rel}","templated":true}]}}