{"id":289250,"date":"2026-01-14T23:22:30","date_gmt":"2026-01-14T20:22:30","guid":{"rendered":"https:\/\/baldumarket.lt\/product\/mebloscianka-switch-xxiii-czarny-bialy-asm\/"},"modified":"2026-02-11T18:17:12","modified_gmt":"2026-02-11T15:17:12","slug":"mebloscianka-switch-xxiii-czarny-bialy-asm","status":"publish","type":"product","link":"https:\/\/baldumarket.lt\/lt\/product\/mebloscianka-switch-xxiii-czarny-bialy-asm\/","title":{"rendered":"\u201eSwitch XXIII\u201c sienin\u0117 spintel\u0117, juoda\/balta ASM"},"content":{"rendered":"<p>Pakabinama vitrina: i\u0161 dalies \u012fstiklintos durys, viena lentyna, ap\u0161viesta m\u0117lynu LED ap\u0161vietimu. Pakabinama lentyna. 2x Pakabinama spintel\u0117: durys, viena lentyna u\u017e j\u0173 (2 vietos). TV \/ radijo \/ televizoriaus spintel\u0117: centrinis skyrius su stikline lentyna, ap\u0161viesta m\u0117lynu LED ap\u0161vietimu, atvartai, paremti dujin\u0117mis amortizatoriais \u0161onuose, su vienu skyriumi u\u017e kiekvieno. Priekin\u0117s dalys atidaromos spustel\u0117jimo mechanizmu.<\/p>","protected":false},"excerpt":{"rendered":"<p>Plotis (cm): 270<br \/>\n\u016agis (cm): 160<br \/>\nGylis (cm): 40<\/p>","protected":false},"featured_media":289251,"comment_status":"open","ping_status":"open","template":"","meta":[],"product_brand":[],"product_cat":[9202,2008],"product_tag":[],"class_list":{"0":"post-289250","1":"product","2":"type-product","3":"status-publish","4":"has-post-thumbnail","6":"product_cat-asm","7":"product_cat-wall-units","9":"first","10":"instock","11":"purchasable","12":"product-type-simple"},"_links":{"self":[{"href":"https:\/\/baldumarket.lt\/lt\/wp-json\/wp\/v2\/product\/289250","targetHints":{"allow":["GET"]}}],"collection":[{"href":"https:\/\/baldumarket.lt\/lt\/wp-json\/wp\/v2\/product"}],"about":[{"href":"https:\/\/baldumarket.lt\/lt\/wp-json\/wp\/v2\/types\/product"}],"replies":[{"embeddable":true,"href":"https:\/\/baldumarket.lt\/lt\/wp-json\/wp\/v2\/comments?post=289250"}],"wp:featuredmedia":[{"embeddable":true,"href":"https:\/\/baldumarket.lt\/lt\/wp-json\/wp\/v2\/media\/289251"}],"wp:attachment":[{"href":"https:\/\/baldumarket.lt\/lt\/wp-json\/wp\/v2\/media?parent=289250"}],"wp:term":[{"taxonomy":"product_brand","embeddable":true,"href":"https:\/\/baldumarket.lt\/lt\/wp-json\/wp\/v2\/product_brand?post=289250"},{"taxonomy":"product_cat","embeddable":true,"href":"https:\/\/baldumarket.lt\/lt\/wp-json\/wp\/v2\/product_cat?post=289250"},{"taxonomy":"product_tag","embeddable":true,"href":"https:\/\/baldumarket.lt\/lt\/wp-json\/wp\/v2\/product_tag?post=289250"}],"curies":[{"name":"wp","href":"https:\/\/api.w.org\/{rel}","templated":true}]}}