{"id":289196,"date":"2026-01-14T23:21:47","date_gmt":"2026-01-14T20:21:47","guid":{"rendered":"https:\/\/baldumarket.lt\/product\/mebloscianka-switch-xxii-wotan-asm\/"},"modified":"2026-02-11T18:17:13","modified_gmt":"2026-02-11T15:17:13","slug":"mebloscianka-switch-xxii-wotan-asm","status":"publish","type":"product","link":"https:\/\/baldumarket.lt\/lt\/product\/mebloscianka-switch-xxii-wotan-asm\/","title":{"rendered":"\u201eSwitch XXII wotan ASM\u201c sieninis blokas"},"content":{"rendered":"<p>3 pakabinamos vitrinos: i\u0161 dalies \u012fstiklintos durys, viena stiklin\u0117 lentyna, ap\u0161viesta m\u0117lynu LED ap\u0161vietimu. Televizoriaus \/ radijo spintel\u0117: centrinis skyrius su stikline lentyna, ap\u0161viesta m\u0117lynu LED ap\u0161vietimu, \u0161oniniai atvartai, paremti dujin\u0117mis atramomis, u\u017e kiekvieno po vien\u0105 skyri\u0173. Priekin\u0117s dalys atsidaro spustel\u0117jimo mechanizmu.<\/p>","protected":false},"excerpt":{"rendered":"<p>Plotis (cm): 240<br \/>\n\u016agis (cm): 160<br \/>\nGylis (cm): 40<\/p>","protected":false},"featured_media":289197,"comment_status":"open","ping_status":"open","template":"","meta":[],"product_brand":[],"product_cat":[9202,2008],"product_tag":[],"class_list":{"0":"post-289196","1":"product","2":"type-product","3":"status-publish","4":"has-post-thumbnail","6":"product_cat-asm","7":"product_cat-wall-units","9":"first","10":"instock","11":"purchasable","12":"product-type-simple"},"_links":{"self":[{"href":"https:\/\/baldumarket.lt\/lt\/wp-json\/wp\/v2\/product\/289196","targetHints":{"allow":["GET"]}}],"collection":[{"href":"https:\/\/baldumarket.lt\/lt\/wp-json\/wp\/v2\/product"}],"about":[{"href":"https:\/\/baldumarket.lt\/lt\/wp-json\/wp\/v2\/types\/product"}],"replies":[{"embeddable":true,"href":"https:\/\/baldumarket.lt\/lt\/wp-json\/wp\/v2\/comments?post=289196"}],"wp:featuredmedia":[{"embeddable":true,"href":"https:\/\/baldumarket.lt\/lt\/wp-json\/wp\/v2\/media\/289197"}],"wp:attachment":[{"href":"https:\/\/baldumarket.lt\/lt\/wp-json\/wp\/v2\/media?parent=289196"}],"wp:term":[{"taxonomy":"product_brand","embeddable":true,"href":"https:\/\/baldumarket.lt\/lt\/wp-json\/wp\/v2\/product_brand?post=289196"},{"taxonomy":"product_cat","embeddable":true,"href":"https:\/\/baldumarket.lt\/lt\/wp-json\/wp\/v2\/product_cat?post=289196"},{"taxonomy":"product_tag","embeddable":true,"href":"https:\/\/baldumarket.lt\/lt\/wp-json\/wp\/v2\/product_tag?post=289196"}],"curies":[{"name":"wp","href":"https:\/\/api.w.org\/{rel}","templated":true}]}}