{"id":289148,"date":"2026-01-14T23:21:09","date_gmt":"2026-01-14T20:21:09","guid":{"rendered":"https:\/\/baldumarket.lt\/product\/mebloscianka-switch-xxi-grafit-asm\/"},"modified":"2026-02-11T18:17:14","modified_gmt":"2026-02-11T15:17:14","slug":"mebloscianka-switch-xxi-grafit-asm","status":"publish","type":"product","link":"https:\/\/baldumarket.lt\/lt\/product\/mebloscianka-switch-xxi-grafit-asm\/","title":{"rendered":"\u201eSwitch XXI\u201c sieninis grafito ASM blokas"},"content":{"rendered":"<p>Prie sienos pakabinama lentyna. Prie sienos pakabinama televizoriaus spintel\u0117: de\u0161inysis ir kairysis atvartai su spragtel\u0117jimu atidaromi, paremti dujin\u0117mis amortizatoriais, kiekvienas su vienu skyriumi. Centre atviras skyrius su stikline lentyna, ap\u0161viesta m\u0117lynu LED ap\u0161vietimu. 3x Prie sienos pakabinama vitrina: i\u0161 dalies \u012fstiklintos durys, atidaromos spragtel\u0117jimu, u\u017e kuri\u0173 yra skyrius, ap\u0161viestas m\u0117lynu LED ap\u0161vietimu. 3x Prie sienos pakabinama spintel\u0117: durys su spragtel\u0117jimu atidaromos, u\u017e kuri\u0173 yra skyrius.<\/p>","protected":false},"excerpt":{"rendered":"<p>Plotis (cm): 240<br \/>\n\u016agis (cm): 160<br \/>\nGylis (cm): 40<\/p>","protected":false},"featured_media":289149,"comment_status":"open","ping_status":"open","template":"","meta":[],"product_brand":[],"product_cat":[9202,2008],"product_tag":[],"class_list":{"0":"post-289148","1":"product","2":"type-product","3":"status-publish","4":"has-post-thumbnail","6":"product_cat-asm","7":"product_cat-wall-units","9":"first","10":"instock","11":"purchasable","12":"product-type-simple"},"_links":{"self":[{"href":"https:\/\/baldumarket.lt\/lt\/wp-json\/wp\/v2\/product\/289148","targetHints":{"allow":["GET"]}}],"collection":[{"href":"https:\/\/baldumarket.lt\/lt\/wp-json\/wp\/v2\/product"}],"about":[{"href":"https:\/\/baldumarket.lt\/lt\/wp-json\/wp\/v2\/types\/product"}],"replies":[{"embeddable":true,"href":"https:\/\/baldumarket.lt\/lt\/wp-json\/wp\/v2\/comments?post=289148"}],"wp:featuredmedia":[{"embeddable":true,"href":"https:\/\/baldumarket.lt\/lt\/wp-json\/wp\/v2\/media\/289149"}],"wp:attachment":[{"href":"https:\/\/baldumarket.lt\/lt\/wp-json\/wp\/v2\/media?parent=289148"}],"wp:term":[{"taxonomy":"product_brand","embeddable":true,"href":"https:\/\/baldumarket.lt\/lt\/wp-json\/wp\/v2\/product_brand?post=289148"},{"taxonomy":"product_cat","embeddable":true,"href":"https:\/\/baldumarket.lt\/lt\/wp-json\/wp\/v2\/product_cat?post=289148"},{"taxonomy":"product_tag","embeddable":true,"href":"https:\/\/baldumarket.lt\/lt\/wp-json\/wp\/v2\/product_tag?post=289148"}],"curies":[{"name":"wp","href":"https:\/\/api.w.org\/{rel}","templated":true}]}}