{"id":289133,"date":"2026-01-14T23:20:56","date_gmt":"2026-01-14T20:20:56","guid":{"rendered":"https:\/\/baldumarket.lt\/product\/witryna-wiszaca-switch-5-biala-asm\/"},"modified":"2026-02-11T18:17:15","modified_gmt":"2026-02-11T15:17:15","slug":"witryna-wiszaca-switch-5-biala-asm","status":"publish","type":"product","link":"https:\/\/baldumarket.lt\/lt\/product\/witryna-wiszaca-switch-5-biala-asm\/","title":{"rendered":"Pakabinama vitrina \u201eSwitch 5\u201c, balta ASM"},"content":{"rendered":"<p>Pakabinama vitrina: i\u0161 dalies \u012fstiklintos durys, u\u017e j\u0173 vienas skyrius ap\u0161viestas m\u0117lynu LED ap\u0161vietimu.<\/p>","protected":false},"excerpt":{"rendered":"<p>Plotis (cm): 30<br \/>\n\u016agis (cm): 30<br \/>\nGylis (cm): 25<\/p>","protected":false},"featured_media":289134,"comment_status":"open","ping_status":"open","template":"","meta":[],"product_brand":[],"product_cat":[9202,2006],"product_tag":[],"class_list":{"0":"post-289133","1":"product","2":"type-product","3":"status-publish","4":"has-post-thumbnail","6":"product_cat-asm","7":"product_cat-vitrines","9":"first","10":"instock","11":"purchasable","12":"product-type-simple"},"_links":{"self":[{"href":"https:\/\/baldumarket.lt\/lt\/wp-json\/wp\/v2\/product\/289133","targetHints":{"allow":["GET"]}}],"collection":[{"href":"https:\/\/baldumarket.lt\/lt\/wp-json\/wp\/v2\/product"}],"about":[{"href":"https:\/\/baldumarket.lt\/lt\/wp-json\/wp\/v2\/types\/product"}],"replies":[{"embeddable":true,"href":"https:\/\/baldumarket.lt\/lt\/wp-json\/wp\/v2\/comments?post=289133"}],"wp:featuredmedia":[{"embeddable":true,"href":"https:\/\/baldumarket.lt\/lt\/wp-json\/wp\/v2\/media\/289134"}],"wp:attachment":[{"href":"https:\/\/baldumarket.lt\/lt\/wp-json\/wp\/v2\/media?parent=289133"}],"wp:term":[{"taxonomy":"product_brand","embeddable":true,"href":"https:\/\/baldumarket.lt\/lt\/wp-json\/wp\/v2\/product_brand?post=289133"},{"taxonomy":"product_cat","embeddable":true,"href":"https:\/\/baldumarket.lt\/lt\/wp-json\/wp\/v2\/product_cat?post=289133"},{"taxonomy":"product_tag","embeddable":true,"href":"https:\/\/baldumarket.lt\/lt\/wp-json\/wp\/v2\/product_tag?post=289133"}],"curies":[{"name":"wp","href":"https:\/\/api.w.org\/{rel}","templated":true}]}}