{"id":289096,"date":"2026-01-14T23:20:30","date_gmt":"2026-01-14T20:20:30","guid":{"rendered":"https:\/\/baldumarket.lt\/product\/szafka-rtv-cross-asm\/"},"modified":"2026-05-07T20:43:47","modified_gmt":"2026-05-07T17:43:47","slug":"szafka-rtv-cross-asm","status":"publish","type":"product","link":"https:\/\/baldumarket.lt\/lt\/product\/szafka-rtv-cross-asm\/","title":{"rendered":"CROSS ASM televizoriaus spintel\u0117"},"content":{"rendered":"<p>RTV: atviras skyrius, ap\u0161viestas baltu keturi\u0173 LED ap\u0161vietimu. Vienas stal\u010dius. Dvejos durys, kiekvienose po vien\u0105 skyri\u0173. Durys ir stal\u010dius atsidaro spragtel\u0117jus.<\/p>","protected":false},"excerpt":{"rendered":"<p>Plotis (cm): 150<br \/>\n\u016agis (cm): 50<br \/>\nGylis (cm): 50<\/p>","protected":false},"featured_media":289097,"comment_status":"open","ping_status":"open","template":"","meta":[],"product_brand":[],"product_cat":[10312,9202,1175],"product_tag":[],"class_list":{"0":"post-289096","1":"product","2":"type-product","3":"status-publish","4":"has-post-thumbnail","6":"product_cat-furniture-system-cross-asm","7":"product_cat-asm","8":"product_cat-tv-stands","10":"first","11":"instock","12":"purchasable","13":"product-type-simple"},"_links":{"self":[{"href":"https:\/\/baldumarket.lt\/lt\/wp-json\/wp\/v2\/product\/289096","targetHints":{"allow":["GET"]}}],"collection":[{"href":"https:\/\/baldumarket.lt\/lt\/wp-json\/wp\/v2\/product"}],"about":[{"href":"https:\/\/baldumarket.lt\/lt\/wp-json\/wp\/v2\/types\/product"}],"replies":[{"embeddable":true,"href":"https:\/\/baldumarket.lt\/lt\/wp-json\/wp\/v2\/comments?post=289096"}],"wp:featuredmedia":[{"embeddable":true,"href":"https:\/\/baldumarket.lt\/lt\/wp-json\/wp\/v2\/media\/289097"}],"wp:attachment":[{"href":"https:\/\/baldumarket.lt\/lt\/wp-json\/wp\/v2\/media?parent=289096"}],"wp:term":[{"taxonomy":"product_brand","embeddable":true,"href":"https:\/\/baldumarket.lt\/lt\/wp-json\/wp\/v2\/product_brand?post=289096"},{"taxonomy":"product_cat","embeddable":true,"href":"https:\/\/baldumarket.lt\/lt\/wp-json\/wp\/v2\/product_cat?post=289096"},{"taxonomy":"product_tag","embeddable":true,"href":"https:\/\/baldumarket.lt\/lt\/wp-json\/wp\/v2\/product_tag?post=289096"}],"curies":[{"name":"wp","href":"https:\/\/api.w.org\/{rel}","templated":true}]}}