{"id":289093,"date":"2026-01-14T23:20:28","date_gmt":"2026-01-14T20:20:28","guid":{"rendered":"https:\/\/baldumarket.lt\/product\/witryna-cross-asm\/"},"modified":"2026-02-11T18:17:15","modified_gmt":"2026-02-11T15:17:15","slug":"witryna-cross-asm","status":"publish","type":"product","link":"https:\/\/baldumarket.lt\/lt\/product\/witryna-cross-asm\/","title":{"rendered":"Kry\u017emin\u0117 ASM svetain\u0117"},"content":{"rendered":"<p>\u017dema vitrina: centre atviras skyrius, ap\u0161viestas baltu \u201eQuad LED\u201c ap\u0161vietimu. Vir\u0161uje du stal\u010diai. Kair\u0117je pus\u0117je durys, u\u017e kuri\u0173 yra viena standartin\u0117 lentyna. De\u0161in\u0117je pus\u0117je durys, u\u017e kuri\u0173 yra viena standartin\u0117 lentyna. Durys atsidaro spustel\u0117jimo mechanizmu.<\/p>","protected":false},"excerpt":{"rendered":"<p>Plotis (cm): 90<br \/>\n\u016agis (cm): 110<br \/>\nGylis (cm): 40<\/p>","protected":false},"featured_media":289094,"comment_status":"open","ping_status":"open","template":"","meta":[],"product_brand":[],"product_cat":[9202,2006],"product_tag":[],"class_list":{"0":"post-289093","1":"product","2":"type-product","3":"status-publish","4":"has-post-thumbnail","6":"product_cat-asm","7":"product_cat-vitrines","9":"first","10":"instock","11":"purchasable","12":"product-type-simple"},"_links":{"self":[{"href":"https:\/\/baldumarket.lt\/lt\/wp-json\/wp\/v2\/product\/289093","targetHints":{"allow":["GET"]}}],"collection":[{"href":"https:\/\/baldumarket.lt\/lt\/wp-json\/wp\/v2\/product"}],"about":[{"href":"https:\/\/baldumarket.lt\/lt\/wp-json\/wp\/v2\/types\/product"}],"replies":[{"embeddable":true,"href":"https:\/\/baldumarket.lt\/lt\/wp-json\/wp\/v2\/comments?post=289093"}],"wp:featuredmedia":[{"embeddable":true,"href":"https:\/\/baldumarket.lt\/lt\/wp-json\/wp\/v2\/media\/289094"}],"wp:attachment":[{"href":"https:\/\/baldumarket.lt\/lt\/wp-json\/wp\/v2\/media?parent=289093"}],"wp:term":[{"taxonomy":"product_brand","embeddable":true,"href":"https:\/\/baldumarket.lt\/lt\/wp-json\/wp\/v2\/product_brand?post=289093"},{"taxonomy":"product_cat","embeddable":true,"href":"https:\/\/baldumarket.lt\/lt\/wp-json\/wp\/v2\/product_cat?post=289093"},{"taxonomy":"product_tag","embeddable":true,"href":"https:\/\/baldumarket.lt\/lt\/wp-json\/wp\/v2\/product_tag?post=289093"}],"curies":[{"name":"wp","href":"https:\/\/api.w.org\/{rel}","templated":true}]}}