{"id":289090,"date":"2026-01-14T23:20:26","date_gmt":"2026-01-14T20:20:26","guid":{"rendered":"https:\/\/baldumarket.lt\/product\/witryna-wysoka-cross-asm\/"},"modified":"2026-02-11T18:17:15","modified_gmt":"2026-02-11T15:17:15","slug":"witryna-wysoka-cross-asm","status":"publish","type":"product","link":"https:\/\/baldumarket.lt\/lt\/product\/witryna-wysoka-cross-asm\/","title":{"rendered":"Auk\u0161ta \u201eCross ASM\u201c vitrina"},"content":{"rendered":"<p>Auk\u0161ta vitrina: centre atviras skyrius, ap\u0161viestas baltu \u201eQuad LED\u201c ap\u0161vietimu. Vir\u0161uje dvejos durys, kiekvienose po vien\u0105 skyri\u0173. De\u0161in\u0117je durys, u\u017e kuri\u0173 yra trys lentynos. Kair\u0117je durys, u\u017e kuri\u0173 yra dvi lentynos. Durys atsidaro spragtel\u0117jimo mechanizmu.<\/p>","protected":false},"excerpt":{"rendered":"<p>Plotis (cm): 70<br \/>\n\u016agis (cm): 195<br \/>\nGylis (cm): 40<\/p>","protected":false},"featured_media":289091,"comment_status":"open","ping_status":"open","template":"","meta":[],"product_brand":[],"product_cat":[9202,2006],"product_tag":[],"class_list":{"0":"post-289090","1":"product","2":"type-product","3":"status-publish","4":"has-post-thumbnail","6":"product_cat-asm","7":"product_cat-vitrines","9":"first","10":"instock","11":"purchasable","12":"product-type-simple"},"_links":{"self":[{"href":"https:\/\/baldumarket.lt\/lt\/wp-json\/wp\/v2\/product\/289090","targetHints":{"allow":["GET"]}}],"collection":[{"href":"https:\/\/baldumarket.lt\/lt\/wp-json\/wp\/v2\/product"}],"about":[{"href":"https:\/\/baldumarket.lt\/lt\/wp-json\/wp\/v2\/types\/product"}],"replies":[{"embeddable":true,"href":"https:\/\/baldumarket.lt\/lt\/wp-json\/wp\/v2\/comments?post=289090"}],"wp:featuredmedia":[{"embeddable":true,"href":"https:\/\/baldumarket.lt\/lt\/wp-json\/wp\/v2\/media\/289091"}],"wp:attachment":[{"href":"https:\/\/baldumarket.lt\/lt\/wp-json\/wp\/v2\/media?parent=289090"}],"wp:term":[{"taxonomy":"product_brand","embeddable":true,"href":"https:\/\/baldumarket.lt\/lt\/wp-json\/wp\/v2\/product_brand?post=289090"},{"taxonomy":"product_cat","embeddable":true,"href":"https:\/\/baldumarket.lt\/lt\/wp-json\/wp\/v2\/product_cat?post=289090"},{"taxonomy":"product_tag","embeddable":true,"href":"https:\/\/baldumarket.lt\/lt\/wp-json\/wp\/v2\/product_tag?post=289090"}],"curies":[{"name":"wp","href":"https:\/\/api.w.org\/{rel}","templated":true}]}}