{"id":289066,"date":"2026-01-14T23:20:09","date_gmt":"2026-01-14T20:20:09","guid":{"rendered":"https:\/\/baldumarket.lt\/product\/komoda-silk-perla-asm\/"},"modified":"2026-02-11T18:17:16","modified_gmt":"2026-02-11T15:17:16","slug":"komoda-silk-perla-asm","status":"publish","type":"product","link":"https:\/\/baldumarket.lt\/lt\/product\/komoda-silk-perla-asm\/","title":{"rendered":"\u0160ilkin\u0117s perlin\u0117s komodos ASM"},"content":{"rendered":"<p>Du i\u0161 dalies \u012fstiklinti atvartai, atidaromi spragtel\u0117jimu, paremti atramomis. U\u017e tvirto fasado yra standartiniai skyriai; u\u017e stiklinio fasado yra \u012fstiklinti skyriai kair\u0117je korpuso sienel\u0117je. Apa\u010dioje atvartas, atidaromas spragtel\u0117jimu, paremtas atrama. U\u017e jo \u2013 skyrius. De\u0161in\u0117je \u2013 atviras skyrius.<\/p>","protected":false},"excerpt":{"rendered":"<p>Plotis (cm): 77<br \/>\n\u016agis (cm): 120<br \/>\nGylis (cm): 40<\/p>","protected":false},"featured_media":289067,"comment_status":"open","ping_status":"open","template":"","meta":[],"product_brand":[],"product_cat":[9202,1173],"product_tag":[],"class_list":{"0":"post-289066","1":"product","2":"type-product","3":"status-publish","4":"has-post-thumbnail","6":"product_cat-asm","7":"product_cat-chests-of-drawers","9":"first","10":"instock","11":"purchasable","12":"product-type-simple"},"_links":{"self":[{"href":"https:\/\/baldumarket.lt\/lt\/wp-json\/wp\/v2\/product\/289066","targetHints":{"allow":["GET"]}}],"collection":[{"href":"https:\/\/baldumarket.lt\/lt\/wp-json\/wp\/v2\/product"}],"about":[{"href":"https:\/\/baldumarket.lt\/lt\/wp-json\/wp\/v2\/types\/product"}],"replies":[{"embeddable":true,"href":"https:\/\/baldumarket.lt\/lt\/wp-json\/wp\/v2\/comments?post=289066"}],"wp:featuredmedia":[{"embeddable":true,"href":"https:\/\/baldumarket.lt\/lt\/wp-json\/wp\/v2\/media\/289067"}],"wp:attachment":[{"href":"https:\/\/baldumarket.lt\/lt\/wp-json\/wp\/v2\/media?parent=289066"}],"wp:term":[{"taxonomy":"product_brand","embeddable":true,"href":"https:\/\/baldumarket.lt\/lt\/wp-json\/wp\/v2\/product_brand?post=289066"},{"taxonomy":"product_cat","embeddable":true,"href":"https:\/\/baldumarket.lt\/lt\/wp-json\/wp\/v2\/product_cat?post=289066"},{"taxonomy":"product_tag","embeddable":true,"href":"https:\/\/baldumarket.lt\/lt\/wp-json\/wp\/v2\/product_tag?post=289066"}],"curies":[{"name":"wp","href":"https:\/\/api.w.org\/{rel}","templated":true}]}}