{"id":289054,"date":"2026-01-14T23:19:59","date_gmt":"2026-01-14T20:19:59","guid":{"rendered":"https:\/\/baldumarket.lt\/product\/mebloscianka-silk-biala-asm\/"},"modified":"2026-02-11T18:17:16","modified_gmt":"2026-02-11T15:17:16","slug":"mebloscianka-silk-biala-asm","status":"publish","type":"product","link":"https:\/\/baldumarket.lt\/lt\/product\/mebloscianka-silk-biala-asm\/","title":{"rendered":"\u0160ilkin\u0117 sienin\u0117 spintel\u0117, balta ASM"},"content":{"rendered":"<p>RTV: Vienas atvartas su varstomu skyriumi ir trimis skyriais u\u017e jo. Apatin\u0117 spintel\u0117: du atviri skyriai. Trys prie sienos tvirtinamos vitrinos. I\u0161 dalies \u012fstiklinti atvartai ir \u012fstiklintos kair\u0117s pus\u0117s. U\u017e atvarto yra du skyriai: vienas standartinis ir vienas \u012fstiklintas, ap\u0161viestas baltu keturi\u0173 spalv\u0173 LED ap\u0161vietimu. Lentyna. Visi atvartai atsidaro spragtel\u0117jimo mechanizmu.<\/p>","protected":false},"excerpt":{"rendered":"<p>Plotis (cm): 240<br \/>\n\u016agis (cm): 150<br \/>\nGylis (cm): 40<\/p>","protected":false},"featured_media":289055,"comment_status":"open","ping_status":"open","template":"","meta":[],"product_brand":[],"product_cat":[9202,2008],"product_tag":[],"class_list":{"0":"post-289054","1":"product","2":"type-product","3":"status-publish","4":"has-post-thumbnail","6":"product_cat-asm","7":"product_cat-wall-units","9":"first","10":"instock","11":"purchasable","12":"product-type-simple"},"_links":{"self":[{"href":"https:\/\/baldumarket.lt\/lt\/wp-json\/wp\/v2\/product\/289054","targetHints":{"allow":["GET"]}}],"collection":[{"href":"https:\/\/baldumarket.lt\/lt\/wp-json\/wp\/v2\/product"}],"about":[{"href":"https:\/\/baldumarket.lt\/lt\/wp-json\/wp\/v2\/types\/product"}],"replies":[{"embeddable":true,"href":"https:\/\/baldumarket.lt\/lt\/wp-json\/wp\/v2\/comments?post=289054"}],"wp:featuredmedia":[{"embeddable":true,"href":"https:\/\/baldumarket.lt\/lt\/wp-json\/wp\/v2\/media\/289055"}],"wp:attachment":[{"href":"https:\/\/baldumarket.lt\/lt\/wp-json\/wp\/v2\/media?parent=289054"}],"wp:term":[{"taxonomy":"product_brand","embeddable":true,"href":"https:\/\/baldumarket.lt\/lt\/wp-json\/wp\/v2\/product_brand?post=289054"},{"taxonomy":"product_cat","embeddable":true,"href":"https:\/\/baldumarket.lt\/lt\/wp-json\/wp\/v2\/product_cat?post=289054"},{"taxonomy":"product_tag","embeddable":true,"href":"https:\/\/baldumarket.lt\/lt\/wp-json\/wp\/v2\/product_tag?post=289054"}],"curies":[{"name":"wp","href":"https:\/\/api.w.org\/{rel}","templated":true}]}}