{"id":289042,"date":"2026-01-14T23:19:52","date_gmt":"2026-01-14T20:19:52","guid":{"rendered":"https:\/\/baldumarket.lt\/product\/mebloscianka-rico-asm\/"},"modified":"2026-02-11T18:17:16","modified_gmt":"2026-02-11T15:17:16","slug":"mebloscianka-rico-asm","status":"publish","type":"product","link":"https:\/\/baldumarket.lt\/lt\/product\/mebloscianka-rico-asm\/","title":{"rendered":"\u201eRico ASM\u201c sienin\u0117 spintel\u0117"},"content":{"rendered":"<p>Pakabinama vitrina: i\u0161 dalies \u012fstiklintos durys, viena lentyna u\u017e j\u0173 \u2013 2 skyriai. Laisvai pastatoma vitrina: i\u0161 dalies \u012fstiklintos durys, viena lentyna u\u017e j\u0173 \u2013 2 skyriai. TV \/ radijo \/ televizoriaus spintel\u0117: du atviri skyriai \u0161onuose, atvartas viduryje, vienas skyrius u\u017e j\u0173. Pakabinama lentyna.<\/p>","protected":false},"excerpt":{"rendered":"<p>Plotis (cm): 185<br \/>\n\u016agis (cm): 140<br \/>\nGylis (cm): 38<\/p>","protected":false},"featured_media":289043,"comment_status":"open","ping_status":"open","template":"","meta":[],"product_brand":[],"product_cat":[9202,2008],"product_tag":[],"class_list":{"0":"post-289042","1":"product","2":"type-product","3":"status-publish","4":"has-post-thumbnail","6":"product_cat-asm","7":"product_cat-wall-units","9":"first","10":"instock","11":"purchasable","12":"product-type-simple"},"_links":{"self":[{"href":"https:\/\/baldumarket.lt\/lt\/wp-json\/wp\/v2\/product\/289042","targetHints":{"allow":["GET"]}}],"collection":[{"href":"https:\/\/baldumarket.lt\/lt\/wp-json\/wp\/v2\/product"}],"about":[{"href":"https:\/\/baldumarket.lt\/lt\/wp-json\/wp\/v2\/types\/product"}],"replies":[{"embeddable":true,"href":"https:\/\/baldumarket.lt\/lt\/wp-json\/wp\/v2\/comments?post=289042"}],"wp:featuredmedia":[{"embeddable":true,"href":"https:\/\/baldumarket.lt\/lt\/wp-json\/wp\/v2\/media\/289043"}],"wp:attachment":[{"href":"https:\/\/baldumarket.lt\/lt\/wp-json\/wp\/v2\/media?parent=289042"}],"wp:term":[{"taxonomy":"product_brand","embeddable":true,"href":"https:\/\/baldumarket.lt\/lt\/wp-json\/wp\/v2\/product_brand?post=289042"},{"taxonomy":"product_cat","embeddable":true,"href":"https:\/\/baldumarket.lt\/lt\/wp-json\/wp\/v2\/product_cat?post=289042"},{"taxonomy":"product_tag","embeddable":true,"href":"https:\/\/baldumarket.lt\/lt\/wp-json\/wp\/v2\/product_tag?post=289042"}],"curies":[{"name":"wp","href":"https:\/\/api.w.org\/{rel}","templated":true}]}}