{"id":289030,"date":"2026-01-14T23:19:44","date_gmt":"2026-01-14T20:19:44","guid":{"rendered":"https:\/\/baldumarket.lt\/product\/mebloscianka-rise-asm\/"},"modified":"2026-02-11T18:17:16","modified_gmt":"2026-02-11T15:17:16","slug":"mebloscianka-rise-asm","status":"publish","type":"product","link":"https:\/\/baldumarket.lt\/lt\/product\/mebloscianka-rise-asm\/","title":{"rendered":"Rise ASM sienin\u0117 spintel\u0117"},"content":{"rendered":"<p>RTV spintel\u0117: sudaryta i\u0161 trij\u0173 atskir\u0173 pakabinam\u0173 spinteli\u0173. Kiekviena spintel\u0117 turi vien\u0105 atvart\u0105, u\u017e kurio yra vienas skyrius. Apa\u010dioje, kair\u0117je, yra juoda metalin\u0117 koja. Pakabinama lentyna su dekoratyviniu metaliniu elementu. Pakabinamos spintel\u0117s priekis yra i\u0161 dalies \u012fstiklintas \u2013 juodas aliuminio r\u0117mas. U\u017e dureli\u0173 yra viena standartin\u0117 lentyna ir dvi stiklin\u0117s lentynos, ap\u0161viestos balta LED lempute. Po RTV spintele yra spintel\u0117 su atvartu. Viduje yra vienas skyrius. Atidarymo sistema \u201espustelint spragtel\u0117jim\u0105\u201c.<\/p>","protected":false},"excerpt":{"rendered":"<p>Plotis (cm): 240<br \/>\n\u016agis (cm): 170<br \/>\nGylis (cm): 40<\/p>","protected":false},"featured_media":289031,"comment_status":"open","ping_status":"open","template":"","meta":[],"product_brand":[],"product_cat":[9202,2008],"product_tag":[],"class_list":{"0":"post-289030","1":"product","2":"type-product","3":"status-publish","4":"has-post-thumbnail","6":"product_cat-asm","7":"product_cat-wall-units","9":"first","10":"instock","11":"purchasable","12":"product-type-simple"},"_links":{"self":[{"href":"https:\/\/baldumarket.lt\/lt\/wp-json\/wp\/v2\/product\/289030","targetHints":{"allow":["GET"]}}],"collection":[{"href":"https:\/\/baldumarket.lt\/lt\/wp-json\/wp\/v2\/product"}],"about":[{"href":"https:\/\/baldumarket.lt\/lt\/wp-json\/wp\/v2\/types\/product"}],"replies":[{"embeddable":true,"href":"https:\/\/baldumarket.lt\/lt\/wp-json\/wp\/v2\/comments?post=289030"}],"wp:featuredmedia":[{"embeddable":true,"href":"https:\/\/baldumarket.lt\/lt\/wp-json\/wp\/v2\/media\/289031"}],"wp:attachment":[{"href":"https:\/\/baldumarket.lt\/lt\/wp-json\/wp\/v2\/media?parent=289030"}],"wp:term":[{"taxonomy":"product_brand","embeddable":true,"href":"https:\/\/baldumarket.lt\/lt\/wp-json\/wp\/v2\/product_brand?post=289030"},{"taxonomy":"product_cat","embeddable":true,"href":"https:\/\/baldumarket.lt\/lt\/wp-json\/wp\/v2\/product_cat?post=289030"},{"taxonomy":"product_tag","embeddable":true,"href":"https:\/\/baldumarket.lt\/lt\/wp-json\/wp\/v2\/product_tag?post=289030"}],"curies":[{"name":"wp","href":"https:\/\/api.w.org\/{rel}","templated":true}]}}