{"id":289026,"date":"2026-01-14T23:19:41","date_gmt":"2026-01-14T20:19:41","guid":{"rendered":"https:\/\/baldumarket.lt\/product\/mebloscianka-flame-asm\/"},"modified":"2026-02-11T18:17:16","modified_gmt":"2026-02-11T15:17:16","slug":"mebloscianka-flame-asm","status":"publish","type":"product","link":"https:\/\/baldumarket.lt\/lt\/product\/mebloscianka-flame-asm\/","title":{"rendered":"Liepsnos ASM sieninis blokas"},"content":{"rendered":"<p>Sienin\u0117 panel\u0117, kurioje yra lentyna, elektrinis \u017eidinys ir televizorius, de\u0161in\u0117je ir kair\u0117je pus\u0117se turi atvartus, o u\u017e j\u0173 \u2013 vien\u0105 tarp\u0105. Centre yra atvira erdv\u0117, padalinta stikline lentyna, ap\u0161viesta m\u0117lynu LED ap\u0161vietimu. Ji turi spustel\u0117jimo atidarymo sistem\u0105.<\/p>","protected":false},"excerpt":{"rendered":"<p>Plotis (cm): 250<br \/>\n\u016agis (cm): 170<br \/>\nGylis (cm): 40<\/p>","protected":false},"featured_media":289027,"comment_status":"open","ping_status":"open","template":"","meta":[],"product_brand":[],"product_cat":[9202,2008],"product_tag":[],"class_list":{"0":"post-289026","1":"product","2":"type-product","3":"status-publish","4":"has-post-thumbnail","6":"product_cat-asm","7":"product_cat-wall-units","9":"first","10":"instock","11":"purchasable","12":"product-type-simple"},"_links":{"self":[{"href":"https:\/\/baldumarket.lt\/lt\/wp-json\/wp\/v2\/product\/289026","targetHints":{"allow":["GET"]}}],"collection":[{"href":"https:\/\/baldumarket.lt\/lt\/wp-json\/wp\/v2\/product"}],"about":[{"href":"https:\/\/baldumarket.lt\/lt\/wp-json\/wp\/v2\/types\/product"}],"replies":[{"embeddable":true,"href":"https:\/\/baldumarket.lt\/lt\/wp-json\/wp\/v2\/comments?post=289026"}],"wp:featuredmedia":[{"embeddable":true,"href":"https:\/\/baldumarket.lt\/lt\/wp-json\/wp\/v2\/media\/289027"}],"wp:attachment":[{"href":"https:\/\/baldumarket.lt\/lt\/wp-json\/wp\/v2\/media?parent=289026"}],"wp:term":[{"taxonomy":"product_brand","embeddable":true,"href":"https:\/\/baldumarket.lt\/lt\/wp-json\/wp\/v2\/product_brand?post=289026"},{"taxonomy":"product_cat","embeddable":true,"href":"https:\/\/baldumarket.lt\/lt\/wp-json\/wp\/v2\/product_cat?post=289026"},{"taxonomy":"product_tag","embeddable":true,"href":"https:\/\/baldumarket.lt\/lt\/wp-json\/wp\/v2\/product_tag?post=289026"}],"curies":[{"name":"wp","href":"https:\/\/api.w.org\/{rel}","templated":true}]}}