{"id":289017,"date":"2026-01-14T23:19:35","date_gmt":"2026-01-14T20:19:35","guid":{"rendered":"https:\/\/baldumarket.lt\/product\/mebloscianka-try-asm\/"},"modified":"2026-02-11T18:17:16","modified_gmt":"2026-02-11T15:17:16","slug":"mebloscianka-try-asm","status":"publish","type":"product","link":"https:\/\/baldumarket.lt\/lt\/product\/mebloscianka-try-asm\/","title":{"rendered":"I\u0161s\u0117m\u0119s ASM sienin\u012f blok\u0105"},"content":{"rendered":"<p>Laisvai pastatoma spintel\u0117: Kair\u0117je pus\u0117je yra viengubos durel\u0117s, u\u017e kuri\u0173 yra keturios lentynos (5 vietos). De\u0161in\u0117je pus\u0117je vir\u0161uje yra dalinai \u012fstiklintos durel\u0117s, u\u017e kuri\u0173 yra viena standartin\u0117 lentyna ir viena stiklin\u0117 lentyna (3 vietos), su baltu LED ap\u0161vietimu. Apa\u010dioje yra viengubos durel\u0117s, u\u017e kuri\u0173 yra viena ertm\u0117. Elektronika: de\u0161in\u0117je ir kair\u0117je pus\u0117se yra atvartai, u\u017e kuri\u0173 yra viena ertm\u0117. Centre yra atvira erdv\u0117, padalinta stikline lentyna, ap\u0161viesta baltu LED ap\u0161vietimu. Atidarymo sistema su spragtel\u0117jimu.<\/p>","protected":false},"excerpt":{"rendered":"<p>Plotis (cm): 210<br \/>\n\u016agis (cm): 160<br \/>\nGylis (cm): 40<\/p>","protected":false},"featured_media":289018,"comment_status":"open","ping_status":"open","template":"","meta":[],"product_brand":[],"product_cat":[9202,2008],"product_tag":[],"class_list":{"0":"post-289017","1":"product","2":"type-product","3":"status-publish","4":"has-post-thumbnail","6":"product_cat-asm","7":"product_cat-wall-units","9":"first","10":"instock","11":"purchasable","12":"product-type-simple"},"_links":{"self":[{"href":"https:\/\/baldumarket.lt\/lt\/wp-json\/wp\/v2\/product\/289017","targetHints":{"allow":["GET"]}}],"collection":[{"href":"https:\/\/baldumarket.lt\/lt\/wp-json\/wp\/v2\/product"}],"about":[{"href":"https:\/\/baldumarket.lt\/lt\/wp-json\/wp\/v2\/types\/product"}],"replies":[{"embeddable":true,"href":"https:\/\/baldumarket.lt\/lt\/wp-json\/wp\/v2\/comments?post=289017"}],"wp:featuredmedia":[{"embeddable":true,"href":"https:\/\/baldumarket.lt\/lt\/wp-json\/wp\/v2\/media\/289018"}],"wp:attachment":[{"href":"https:\/\/baldumarket.lt\/lt\/wp-json\/wp\/v2\/media?parent=289017"}],"wp:term":[{"taxonomy":"product_brand","embeddable":true,"href":"https:\/\/baldumarket.lt\/lt\/wp-json\/wp\/v2\/product_brand?post=289017"},{"taxonomy":"product_cat","embeddable":true,"href":"https:\/\/baldumarket.lt\/lt\/wp-json\/wp\/v2\/product_cat?post=289017"},{"taxonomy":"product_tag","embeddable":true,"href":"https:\/\/baldumarket.lt\/lt\/wp-json\/wp\/v2\/product_tag?post=289017"}],"curies":[{"name":"wp","href":"https:\/\/api.w.org\/{rel}","templated":true}]}}