{"id":288993,"date":"2026-01-14T23:19:10","date_gmt":"2026-01-14T20:19:10","guid":{"rendered":"https:\/\/baldumarket.lt\/product\/cameron-witryna-wysoka-asm\/"},"modified":"2026-02-11T18:17:17","modified_gmt":"2026-02-11T15:17:17","slug":"cameron-witryna-wysoka-asm","status":"publish","type":"product","link":"https:\/\/baldumarket.lt\/lt\/product\/cameron-witryna-wysoka-asm\/","title":{"rendered":"Camerono didelio ASM demonstracija"},"content":{"rendered":"<p>Cameron Tall vitrina<br \/>\nAuk\u0161ta vitrina: stiklin\u0117s durys su juodu aliuminio r\u0117mu, u\u017e kuri\u0173 yra 4 stiklin\u0117s lentynos su baltu LED ap\u0161vietimu. Tvirtos durys, groteli\u0173 priekis, 4 standartin\u0117s lentynos viduje. U\u017erakto spustel\u0117jimo sistema.<br \/>\nSpalva: Korpusas: Juoda, Priekis: Hickory Jackson vertikalios juostel\u0117s, Juodas \u0161ilkografinis stiklas<br \/>\nMed\u017eiaga: Korpusas: Laminuota plok\u0161t\u0117, Stiklas<br \/>\nPriekin\u0117 dalis: laminuota plok\u0161t\u0117, stiklas<\/p>","protected":false},"excerpt":{"rendered":"<p>Plotis (cm): 80<br \/>\n\u016agis (cm): 192<br \/>\nGylis (cm): 40<br \/>\nAsambl\u0117ja<br \/>\nSavaranki\u0161kas surinkimas<br \/>\nProdukto svoris [kg]: 81<\/p>","protected":false},"featured_media":288994,"comment_status":"open","ping_status":"open","template":"","meta":[],"product_brand":[],"product_cat":[9202,2006],"product_tag":[],"class_list":{"0":"post-288993","1":"product","2":"type-product","3":"status-publish","4":"has-post-thumbnail","6":"product_cat-asm","7":"product_cat-vitrines","9":"first","10":"instock","11":"purchasable","12":"product-type-simple"},"_links":{"self":[{"href":"https:\/\/baldumarket.lt\/lt\/wp-json\/wp\/v2\/product\/288993","targetHints":{"allow":["GET"]}}],"collection":[{"href":"https:\/\/baldumarket.lt\/lt\/wp-json\/wp\/v2\/product"}],"about":[{"href":"https:\/\/baldumarket.lt\/lt\/wp-json\/wp\/v2\/types\/product"}],"replies":[{"embeddable":true,"href":"https:\/\/baldumarket.lt\/lt\/wp-json\/wp\/v2\/comments?post=288993"}],"wp:featuredmedia":[{"embeddable":true,"href":"https:\/\/baldumarket.lt\/lt\/wp-json\/wp\/v2\/media\/288994"}],"wp:attachment":[{"href":"https:\/\/baldumarket.lt\/lt\/wp-json\/wp\/v2\/media?parent=288993"}],"wp:term":[{"taxonomy":"product_brand","embeddable":true,"href":"https:\/\/baldumarket.lt\/lt\/wp-json\/wp\/v2\/product_brand?post=288993"},{"taxonomy":"product_cat","embeddable":true,"href":"https:\/\/baldumarket.lt\/lt\/wp-json\/wp\/v2\/product_cat?post=288993"},{"taxonomy":"product_tag","embeddable":true,"href":"https:\/\/baldumarket.lt\/lt\/wp-json\/wp\/v2\/product_tag?post=288993"}],"curies":[{"name":"wp","href":"https:\/\/api.w.org\/{rel}","templated":true}]}}