{"id":288989,"date":"2026-01-14T23:19:07","date_gmt":"2026-01-14T20:19:07","guid":{"rendered":"https:\/\/baldumarket.lt\/product\/cameron-witryna-niska-asm\/"},"modified":"2026-02-11T18:17:17","modified_gmt":"2026-02-11T15:17:17","slug":"cameron-witryna-niska-asm","status":"publish","type":"product","link":"https:\/\/baldumarket.lt\/lt\/product\/cameron-witryna-niska-asm\/","title":{"rendered":"Cameron \u017eemo ASM vitrina"},"content":{"rendered":"<p>Cameron Low vitrina<br \/>\n\u017dema vitrina: stiklin\u0117s durys su juodu aliuminio r\u0117mu, u\u017e kuri\u0173 yra dvi stiklin\u0117s lentynos su baltu LED ap\u0161vietimu. Tvirtos durys, groteli\u0173 priekis ir dvi standartin\u0117s lentynos viduje. Spragtel\u0117jimo sistema.<br \/>\nSpalva: Korpusas: Juoda, Priekis: Hickory Jackson vertikalios juostel\u0117s, Juodas \u0161ilkografinis stiklas<br \/>\nMed\u017eiaga: Korpusas: Laminuota plok\u0161t\u0117, Stiklas, Priekis: Laminuota plok\u0161t\u0117, Stiklas<\/p>","protected":false},"excerpt":{"rendered":"<p>Plotis (cm): 80<br \/>\n\u016agis (cm): 118<br \/>\nGylis (cm): 40<br \/>\nAsambl\u0117ja<br \/>\nSavaranki\u0161kas surinkimas<br \/>\nProdukto svoris [kg]: 51<\/p>","protected":false},"featured_media":288990,"comment_status":"open","ping_status":"open","template":"","meta":[],"product_brand":[],"product_cat":[9202,2006],"product_tag":[],"class_list":{"0":"post-288989","1":"product","2":"type-product","3":"status-publish","4":"has-post-thumbnail","6":"product_cat-asm","7":"product_cat-vitrines","9":"first","10":"instock","11":"purchasable","12":"product-type-simple"},"_links":{"self":[{"href":"https:\/\/baldumarket.lt\/lt\/wp-json\/wp\/v2\/product\/288989","targetHints":{"allow":["GET"]}}],"collection":[{"href":"https:\/\/baldumarket.lt\/lt\/wp-json\/wp\/v2\/product"}],"about":[{"href":"https:\/\/baldumarket.lt\/lt\/wp-json\/wp\/v2\/types\/product"}],"replies":[{"embeddable":true,"href":"https:\/\/baldumarket.lt\/lt\/wp-json\/wp\/v2\/comments?post=288989"}],"wp:featuredmedia":[{"embeddable":true,"href":"https:\/\/baldumarket.lt\/lt\/wp-json\/wp\/v2\/media\/288990"}],"wp:attachment":[{"href":"https:\/\/baldumarket.lt\/lt\/wp-json\/wp\/v2\/media?parent=288989"}],"wp:term":[{"taxonomy":"product_brand","embeddable":true,"href":"https:\/\/baldumarket.lt\/lt\/wp-json\/wp\/v2\/product_brand?post=288989"},{"taxonomy":"product_cat","embeddable":true,"href":"https:\/\/baldumarket.lt\/lt\/wp-json\/wp\/v2\/product_cat?post=288989"},{"taxonomy":"product_tag","embeddable":true,"href":"https:\/\/baldumarket.lt\/lt\/wp-json\/wp\/v2\/product_tag?post=288989"}],"curies":[{"name":"wp","href":"https:\/\/api.w.org\/{rel}","templated":true}]}}