{"id":288980,"date":"2026-01-14T23:19:00","date_gmt":"2026-01-14T20:19:00","guid":{"rendered":"https:\/\/baldumarket.lt\/product\/cameron-rtv-k-asm\/"},"modified":"2026-02-11T18:17:17","modified_gmt":"2026-02-11T15:17:17","slug":"cameron-rtv-k-asm","status":"publish","type":"product","link":"https:\/\/baldumarket.lt\/lt\/product\/cameron-rtv-k-asm\/","title":{"rendered":"Cameron RTV-K ASM"},"content":{"rendered":"<p>Cameron RTV-K<br \/>\nRTV: 2 durys, grotel\u0117s priekyje, u\u017e kiekvien\u0173 dur\u0173 yra po vien\u0105 kamer\u0105, kurios centre yra bioetanolio \u017eidinys.<br \/>\nSpalva: Korpusas: Juoda Priekis: Hickory Jackson vertikali\u0173 juost\u0173 bio\u017eidinys<br \/>\nMed\u017eiaga: Korpusas: Laminuota plok\u0161t\u0117, metalas (\u017dIDINYS) Priekin\u0117 dalis: Laminuota plok\u0161t\u0117<\/p>","protected":false},"excerpt":{"rendered":"<p>Plotis (cm): 160<br \/>\n\u016agis (cm): 42<br \/>\nGylis (cm): 45<br \/>\nAsambl\u0117ja<br \/>\nsavaranki\u0161kam surinkimui<br \/>\nProdukto svoris [kg]: 51,5<\/p>","protected":false},"featured_media":288981,"comment_status":"open","ping_status":"open","template":"","meta":[],"product_brand":[],"product_cat":[9202,1175],"product_tag":[],"class_list":{"0":"post-288980","1":"product","2":"type-product","3":"status-publish","4":"has-post-thumbnail","6":"product_cat-asm","7":"product_cat-tv-stands","9":"first","10":"instock","11":"purchasable","12":"product-type-simple"},"_links":{"self":[{"href":"https:\/\/baldumarket.lt\/lt\/wp-json\/wp\/v2\/product\/288980","targetHints":{"allow":["GET"]}}],"collection":[{"href":"https:\/\/baldumarket.lt\/lt\/wp-json\/wp\/v2\/product"}],"about":[{"href":"https:\/\/baldumarket.lt\/lt\/wp-json\/wp\/v2\/types\/product"}],"replies":[{"embeddable":true,"href":"https:\/\/baldumarket.lt\/lt\/wp-json\/wp\/v2\/comments?post=288980"}],"wp:featuredmedia":[{"embeddable":true,"href":"https:\/\/baldumarket.lt\/lt\/wp-json\/wp\/v2\/media\/288981"}],"wp:attachment":[{"href":"https:\/\/baldumarket.lt\/lt\/wp-json\/wp\/v2\/media?parent=288980"}],"wp:term":[{"taxonomy":"product_brand","embeddable":true,"href":"https:\/\/baldumarket.lt\/lt\/wp-json\/wp\/v2\/product_brand?post=288980"},{"taxonomy":"product_cat","embeddable":true,"href":"https:\/\/baldumarket.lt\/lt\/wp-json\/wp\/v2\/product_cat?post=288980"},{"taxonomy":"product_tag","embeddable":true,"href":"https:\/\/baldumarket.lt\/lt\/wp-json\/wp\/v2\/product_tag?post=288980"}],"curies":[{"name":"wp","href":"https:\/\/api.w.org\/{rel}","templated":true}]}}