{"id":288972,"date":"2026-01-14T23:18:55","date_gmt":"2026-01-14T20:18:55","guid":{"rendered":"https:\/\/baldumarket.lt\/product\/cameron-polka-asm\/"},"modified":"2026-02-11T18:17:18","modified_gmt":"2026-02-11T15:17:18","slug":"cameron-polka-asm","status":"publish","type":"product","link":"https:\/\/baldumarket.lt\/lt\/product\/cameron-polka-asm\/","title":{"rendered":"Cameron ASM lentyna"},"content":{"rendered":"<p>Cameron Shelf<br \/>\nLentyna<br \/>\nSpalva: Korpusas: Juoda Priekis: Hickory Jackson Vertikalios juostel\u0117s<br \/>\nMed\u017eiaga: Korpusas: Laminuota plok\u0161t\u0117 Priekin\u0117 dalis:<\/p>","protected":false},"excerpt":{"rendered":"<p>Plotis (cm): 160<br \/>\n\u016agis (cm): 30<br \/>\nGylis (cm): 25<br \/>\nAsambl\u0117ja<br \/>\nSavaranki\u0161kas surinkimas<br \/>\nProdukto svoris [kg]: 12<\/p>","protected":false},"featured_media":288973,"comment_status":"open","ping_status":"open","template":"","meta":[],"product_brand":[],"product_cat":[9202,1174],"product_tag":[],"class_list":{"0":"post-288972","1":"product","2":"type-product","3":"status-publish","4":"has-post-thumbnail","6":"product_cat-asm","7":"product_cat-hanging-shelves","9":"first","10":"instock","11":"purchasable","12":"product-type-simple"},"_links":{"self":[{"href":"https:\/\/baldumarket.lt\/lt\/wp-json\/wp\/v2\/product\/288972","targetHints":{"allow":["GET"]}}],"collection":[{"href":"https:\/\/baldumarket.lt\/lt\/wp-json\/wp\/v2\/product"}],"about":[{"href":"https:\/\/baldumarket.lt\/lt\/wp-json\/wp\/v2\/types\/product"}],"replies":[{"embeddable":true,"href":"https:\/\/baldumarket.lt\/lt\/wp-json\/wp\/v2\/comments?post=288972"}],"wp:featuredmedia":[{"embeddable":true,"href":"https:\/\/baldumarket.lt\/lt\/wp-json\/wp\/v2\/media\/288973"}],"wp:attachment":[{"href":"https:\/\/baldumarket.lt\/lt\/wp-json\/wp\/v2\/media?parent=288972"}],"wp:term":[{"taxonomy":"product_brand","embeddable":true,"href":"https:\/\/baldumarket.lt\/lt\/wp-json\/wp\/v2\/product_brand?post=288972"},{"taxonomy":"product_cat","embeddable":true,"href":"https:\/\/baldumarket.lt\/lt\/wp-json\/wp\/v2\/product_cat?post=288972"},{"taxonomy":"product_tag","embeddable":true,"href":"https:\/\/baldumarket.lt\/lt\/wp-json\/wp\/v2\/product_tag?post=288972"}],"curies":[{"name":"wp","href":"https:\/\/api.w.org\/{rel}","templated":true}]}}