{"id":288962,"date":"2026-01-14T23:18:47","date_gmt":"2026-01-14T20:18:47","guid":{"rendered":"https:\/\/baldumarket.lt\/product\/cameron-zestaw-asm\/"},"modified":"2026-02-11T18:17:18","modified_gmt":"2026-02-11T15:17:18","slug":"cameron-zestaw-asm","status":"publish","type":"product","link":"https:\/\/baldumarket.lt\/lt\/product\/cameron-zestaw-asm\/","title":{"rendered":"Cameron ASM rinktin\u0117"},"content":{"rendered":"<p>Cameron Set<br \/>\nAuk\u0161ta vitrina: Stiklin\u0117s durys su juodu aliuminio r\u0117mu, u\u017e j\u0173 4 stiklin\u0117s lentynos su baltu LED ap\u0161vietimu. Vientisos durys: grotel\u0117s priekyje, 4 standartin\u0117s lentynos viduje. \u017dema vitrina: Stiklin\u0117s durys su juodu aliuminio r\u0117mu, u\u017e j\u0173 2 stiklin\u0117s lentynos su baltu LED ap\u0161vietimu. Vientisos durys, grotel\u0117s priekyje, 2 standartin\u0117s lentynos viduje. Televizoriaus spintel\u0117 (3 durys): 2 durys \u2013 grotel\u0117s priekyje, u\u017e kiekvien\u0173 dur\u0173 yra 1 skyrius. Centre yra vienos stiklin\u0117s durys su juodu aliuminio r\u0117mu, u\u017e j\u0173 yra stiklin\u0117 lentyna, ap\u0161viesta baltu LED ap\u0161vietimu.<br \/>\nSpalva: Korpusas: Juoda Priekis: Hickory Jackson vertikalios juostel\u0117s, juodas \u0161ilkografinis stiklas<br \/>\nMed\u017eiaga: Korpusas: laminuota plok\u0161t\u0117, stiklas Priekin\u0117 dalis: laminuota plok\u0161t\u0117, stiklas<\/p>","protected":false},"excerpt":{"rendered":"<p>Plotis (cm): 340<br \/>\n\u016agis (cm): 192<br \/>\nGylis (cm): 45<br \/>\nAsambl\u0117ja<br \/>\nSavaranki\u0161kas surinkimas<br \/>\nProdukto svoris [kg]: 192<\/p>","protected":false},"featured_media":288963,"comment_status":"open","ping_status":"open","template":"","meta":[],"product_brand":[],"product_cat":[9202,2008],"product_tag":[],"class_list":{"0":"post-288962","1":"product","2":"type-product","3":"status-publish","4":"has-post-thumbnail","6":"product_cat-asm","7":"product_cat-wall-units","9":"first","10":"instock","11":"purchasable","12":"product-type-simple"},"_links":{"self":[{"href":"https:\/\/baldumarket.lt\/lt\/wp-json\/wp\/v2\/product\/288962","targetHints":{"allow":["GET"]}}],"collection":[{"href":"https:\/\/baldumarket.lt\/lt\/wp-json\/wp\/v2\/product"}],"about":[{"href":"https:\/\/baldumarket.lt\/lt\/wp-json\/wp\/v2\/types\/product"}],"replies":[{"embeddable":true,"href":"https:\/\/baldumarket.lt\/lt\/wp-json\/wp\/v2\/comments?post=288962"}],"wp:featuredmedia":[{"embeddable":true,"href":"https:\/\/baldumarket.lt\/lt\/wp-json\/wp\/v2\/media\/288963"}],"wp:attachment":[{"href":"https:\/\/baldumarket.lt\/lt\/wp-json\/wp\/v2\/media?parent=288962"}],"wp:term":[{"taxonomy":"product_brand","embeddable":true,"href":"https:\/\/baldumarket.lt\/lt\/wp-json\/wp\/v2\/product_brand?post=288962"},{"taxonomy":"product_cat","embeddable":true,"href":"https:\/\/baldumarket.lt\/lt\/wp-json\/wp\/v2\/product_cat?post=288962"},{"taxonomy":"product_tag","embeddable":true,"href":"https:\/\/baldumarket.lt\/lt\/wp-json\/wp\/v2\/product_tag?post=288962"}],"curies":[{"name":"wp","href":"https:\/\/api.w.org\/{rel}","templated":true}]}}