{"id":288921,"date":"2026-01-14T23:18:01","date_gmt":"2026-01-14T20:18:01","guid":{"rendered":"https:\/\/baldumarket.lt\/product\/aron-zestaw-z-biokominkiem-asm\/"},"modified":"2026-02-11T18:17:19","modified_gmt":"2026-02-11T15:17:19","slug":"aron-zestaw-z-biokominkiem-asm","status":"publish","type":"product","link":"https:\/\/baldumarket.lt\/lt\/product\/aron-zestaw-z-biokominkiem-asm\/","title":{"rendered":"Aron komplektas su ASM bio\u017eidiniu"},"content":{"rendered":"<p>Aron komplektas su bio\u017eidiniu<br \/>\nSpalva: Korpusas: Ribbek \u0105\u017euolas Priekin\u0117 dalis: Ribbek \u0105\u017euolas, matin\u0117 juoda (su grioveliais) bio\u017eidinys<br \/>\nMed\u017eiaga: Korpusas: laminuota bald\u0173 plok\u0161t\u0117; Priekin\u0117 dalis: laminuota bald\u0173 plok\u0161t\u0117, MDF, PVC folija, bio\u017eidinys, stiklas.<\/p>","protected":false},"excerpt":{"rendered":"<p>Plotis (cm): 320<br \/>\n\u016agis (cm): 192<br \/>\nGylis (cm): 45<br \/>\nAsambl\u0117ja<br \/>\nsavaranki\u0161kam surinkimui<br \/>\nProdukto svoris [kg]: 165,5<\/p>","protected":false},"featured_media":288922,"comment_status":"open","ping_status":"open","template":"","meta":[],"product_brand":[],"product_cat":[9202,2008],"product_tag":[],"class_list":{"0":"post-288921","1":"product","2":"type-product","3":"status-publish","4":"has-post-thumbnail","6":"product_cat-asm","7":"product_cat-wall-units","9":"first","10":"instock","11":"purchasable","12":"product-type-simple"},"_links":{"self":[{"href":"https:\/\/baldumarket.lt\/lt\/wp-json\/wp\/v2\/product\/288921","targetHints":{"allow":["GET"]}}],"collection":[{"href":"https:\/\/baldumarket.lt\/lt\/wp-json\/wp\/v2\/product"}],"about":[{"href":"https:\/\/baldumarket.lt\/lt\/wp-json\/wp\/v2\/types\/product"}],"replies":[{"embeddable":true,"href":"https:\/\/baldumarket.lt\/lt\/wp-json\/wp\/v2\/comments?post=288921"}],"wp:featuredmedia":[{"embeddable":true,"href":"https:\/\/baldumarket.lt\/lt\/wp-json\/wp\/v2\/media\/288922"}],"wp:attachment":[{"href":"https:\/\/baldumarket.lt\/lt\/wp-json\/wp\/v2\/media?parent=288921"}],"wp:term":[{"taxonomy":"product_brand","embeddable":true,"href":"https:\/\/baldumarket.lt\/lt\/wp-json\/wp\/v2\/product_brand?post=288921"},{"taxonomy":"product_cat","embeddable":true,"href":"https:\/\/baldumarket.lt\/lt\/wp-json\/wp\/v2\/product_cat?post=288921"},{"taxonomy":"product_tag","embeddable":true,"href":"https:\/\/baldumarket.lt\/lt\/wp-json\/wp\/v2\/product_tag?post=288921"}],"curies":[{"name":"wp","href":"https:\/\/api.w.org\/{rel}","templated":true}]}}