{"id":288918,"date":"2026-01-14T23:17:59","date_gmt":"2026-01-14T20:17:59","guid":{"rendered":"https:\/\/baldumarket.lt\/product\/aron-witryna-wysoka-asm\/"},"modified":"2026-02-11T18:17:19","modified_gmt":"2026-02-11T15:17:19","slug":"aron-witryna-wysoka-asm","status":"publish","type":"product","link":"https:\/\/baldumarket.lt\/lt\/product\/aron-witryna-wysoka-asm\/","title":{"rendered":"Arono auk\u0161ta vitrina ASM"},"content":{"rendered":"<p>Aron auk\u0161ta vitrina<br \/>\nSpalva: Korpusas: Ribbek \u0105\u017euolas, Priekis: Ribbek \u0105\u017euolas, matin\u0117 juoda (su grioveliais)<br \/>\nMed\u017eiaga: Korpusas: Laminuota bald\u0173 plok\u0161t\u0117, Priekis: Laminuota bald\u0173 plok\u0161t\u0117, MDF, PVC folija, stiklas<\/p>","protected":false},"excerpt":{"rendered":"<p>Plotis (cm): 70<br \/>\n\u016agis (cm): 192<br \/>\nGylis (cm): 40<br \/>\nAsambl\u0117ja<br \/>\nSavaranki\u0161kas surinkimas<br \/>\nProdukto svoris [kg]: 62<\/p>","protected":false},"featured_media":288919,"comment_status":"open","ping_status":"open","template":"","meta":[],"product_brand":[],"product_cat":[9202,2006],"product_tag":[],"class_list":{"0":"post-288918","1":"product","2":"type-product","3":"status-publish","4":"has-post-thumbnail","6":"product_cat-asm","7":"product_cat-vitrines","9":"first","10":"instock","11":"purchasable","12":"product-type-simple"},"_links":{"self":[{"href":"https:\/\/baldumarket.lt\/lt\/wp-json\/wp\/v2\/product\/288918","targetHints":{"allow":["GET"]}}],"collection":[{"href":"https:\/\/baldumarket.lt\/lt\/wp-json\/wp\/v2\/product"}],"about":[{"href":"https:\/\/baldumarket.lt\/lt\/wp-json\/wp\/v2\/types\/product"}],"replies":[{"embeddable":true,"href":"https:\/\/baldumarket.lt\/lt\/wp-json\/wp\/v2\/comments?post=288918"}],"wp:featuredmedia":[{"embeddable":true,"href":"https:\/\/baldumarket.lt\/lt\/wp-json\/wp\/v2\/media\/288919"}],"wp:attachment":[{"href":"https:\/\/baldumarket.lt\/lt\/wp-json\/wp\/v2\/media?parent=288918"}],"wp:term":[{"taxonomy":"product_brand","embeddable":true,"href":"https:\/\/baldumarket.lt\/lt\/wp-json\/wp\/v2\/product_brand?post=288918"},{"taxonomy":"product_cat","embeddable":true,"href":"https:\/\/baldumarket.lt\/lt\/wp-json\/wp\/v2\/product_cat?post=288918"},{"taxonomy":"product_tag","embeddable":true,"href":"https:\/\/baldumarket.lt\/lt\/wp-json\/wp\/v2\/product_tag?post=288918"}],"curies":[{"name":"wp","href":"https:\/\/api.w.org\/{rel}","templated":true}]}}