{"id":288886,"date":"2026-01-14T23:17:35","date_gmt":"2026-01-14T20:17:35","guid":{"rendered":"https:\/\/baldumarket.lt\/product\/mebloscianka-xari-g-k-asm\/"},"modified":"2026-02-11T18:17:19","modified_gmt":"2026-02-11T15:17:19","slug":"mebloscianka-xari-g-k-asm","status":"publish","type":"product","link":"https:\/\/baldumarket.lt\/lt\/product\/mebloscianka-xari-g-k-asm\/","title":{"rendered":"\u201eXari GK ASM\u201c sienin\u0117 spintel\u0117"},"content":{"rendered":"<p>\u201eXari GK\u201c sienin\u0117 spintel\u0117<br \/>\nSpalva: Korpusas: Perlo pilka, Artisan Oak (ra\u0161tas) Priekin\u0117 dalis: Perlo pilka, Bio\u017eidinys<br \/>\nMed\u017eiaga: Korpusas: Laminuota bald\u0173 plok\u0161t\u0117; Priekis: Laminuota bald\u0173 plok\u0161t\u0117, Bio\u017eidinys<\/p>","protected":false},"excerpt":{"rendered":"<p>Plotis (cm): 200<br \/>\n\u016agis (cm): 158<br \/>\nGylis (cm): 40<br \/>\nAsambl\u0117ja<br \/>\nsavaranki\u0161kam surinkimui<br \/>\nProdukto svoris [kg]: 76,5<\/p>","protected":false},"featured_media":288887,"comment_status":"open","ping_status":"open","template":"","meta":[],"product_brand":[],"product_cat":[9202,2008],"product_tag":[],"class_list":{"0":"post-288886","1":"product","2":"type-product","3":"status-publish","4":"has-post-thumbnail","6":"product_cat-asm","7":"product_cat-wall-units","9":"first","10":"instock","11":"purchasable","12":"product-type-simple"},"_links":{"self":[{"href":"https:\/\/baldumarket.lt\/lt\/wp-json\/wp\/v2\/product\/288886","targetHints":{"allow":["GET"]}}],"collection":[{"href":"https:\/\/baldumarket.lt\/lt\/wp-json\/wp\/v2\/product"}],"about":[{"href":"https:\/\/baldumarket.lt\/lt\/wp-json\/wp\/v2\/types\/product"}],"replies":[{"embeddable":true,"href":"https:\/\/baldumarket.lt\/lt\/wp-json\/wp\/v2\/comments?post=288886"}],"wp:featuredmedia":[{"embeddable":true,"href":"https:\/\/baldumarket.lt\/lt\/wp-json\/wp\/v2\/media\/288887"}],"wp:attachment":[{"href":"https:\/\/baldumarket.lt\/lt\/wp-json\/wp\/v2\/media?parent=288886"}],"wp:term":[{"taxonomy":"product_brand","embeddable":true,"href":"https:\/\/baldumarket.lt\/lt\/wp-json\/wp\/v2\/product_brand?post=288886"},{"taxonomy":"product_cat","embeddable":true,"href":"https:\/\/baldumarket.lt\/lt\/wp-json\/wp\/v2\/product_cat?post=288886"},{"taxonomy":"product_tag","embeddable":true,"href":"https:\/\/baldumarket.lt\/lt\/wp-json\/wp\/v2\/product_tag?post=288886"}],"curies":[{"name":"wp","href":"https:\/\/api.w.org\/{rel}","templated":true}]}}