{"id":288873,"date":"2026-01-14T23:17:24","date_gmt":"2026-01-14T20:17:24","guid":{"rendered":"https:\/\/baldumarket.lt\/product\/verti-2-mebloscianka-asm-2\/"},"modified":"2026-02-11T18:17:20","modified_gmt":"2026-02-11T15:17:20","slug":"verti-2-mebloscianka-asm-2","status":"publish","type":"product","link":"https:\/\/baldumarket.lt\/lt\/product\/verti-2-mebloscianka-asm-2\/","title":{"rendered":"\u201eVerti 2\u201c sieninis blokas ASM"},"content":{"rendered":"<p>\u201eVerti 2\u201c sieninis blokas<br \/>\nTV staliukas: 3 atvartai (3 skyriai). Sienin\u0117 panel\u0117 su juoda apdaila.<br \/>\nSpalva: Korpusas: \u201eArtisan\u201c, perl\u0173 pilka, Priekis: \u201eArtisan\u201c, perl\u0173 pilka<br \/>\nMed\u017eiaga: Korpusas: laminuota bald\u0173 plok\u0161t\u0117, Priekis: laminuota bald\u0173 plok\u0161t\u0117, stiklas<\/p>","protected":false},"excerpt":{"rendered":"<p>Plotis (cm): 180<br \/>\n\u016agis (cm): 148<br \/>\nGylis (cm): 35<br \/>\nAsambl\u0117ja<br \/>\nsavaranki\u0161kam surinkimui<br \/>\nProdukto svoris [kg]: 59<\/p>","protected":false},"featured_media":288874,"comment_status":"open","ping_status":"open","template":"","meta":[],"product_brand":[],"product_cat":[9202,2008],"product_tag":[],"class_list":{"0":"post-288873","1":"product","2":"type-product","3":"status-publish","4":"has-post-thumbnail","6":"product_cat-asm","7":"product_cat-wall-units","9":"first","10":"instock","11":"purchasable","12":"product-type-simple"},"_links":{"self":[{"href":"https:\/\/baldumarket.lt\/lt\/wp-json\/wp\/v2\/product\/288873","targetHints":{"allow":["GET"]}}],"collection":[{"href":"https:\/\/baldumarket.lt\/lt\/wp-json\/wp\/v2\/product"}],"about":[{"href":"https:\/\/baldumarket.lt\/lt\/wp-json\/wp\/v2\/types\/product"}],"replies":[{"embeddable":true,"href":"https:\/\/baldumarket.lt\/lt\/wp-json\/wp\/v2\/comments?post=288873"}],"wp:featuredmedia":[{"embeddable":true,"href":"https:\/\/baldumarket.lt\/lt\/wp-json\/wp\/v2\/media\/288874"}],"wp:attachment":[{"href":"https:\/\/baldumarket.lt\/lt\/wp-json\/wp\/v2\/media?parent=288873"}],"wp:term":[{"taxonomy":"product_brand","embeddable":true,"href":"https:\/\/baldumarket.lt\/lt\/wp-json\/wp\/v2\/product_brand?post=288873"},{"taxonomy":"product_cat","embeddable":true,"href":"https:\/\/baldumarket.lt\/lt\/wp-json\/wp\/v2\/product_cat?post=288873"},{"taxonomy":"product_tag","embeddable":true,"href":"https:\/\/baldumarket.lt\/lt\/wp-json\/wp\/v2\/product_tag?post=288873"}],"curies":[{"name":"wp","href":"https:\/\/api.w.org\/{rel}","templated":true}]}}