{"id":288865,"date":"2026-01-14T23:17:19","date_gmt":"2026-01-14T20:17:19","guid":{"rendered":"https:\/\/baldumarket.lt\/product\/silk-2-mebloscianka-asm\/"},"modified":"2026-02-11T18:17:20","modified_gmt":"2026-02-11T15:17:20","slug":"silk-2-mebloscianka-asm","status":"publish","type":"product","link":"https:\/\/baldumarket.lt\/lt\/product\/silk-2-mebloscianka-asm\/","title":{"rendered":"\u0160ilkin\u0117 2 sienin\u0117 spintel\u0117 ASM"},"content":{"rendered":"<p>Sienin\u0117 spintel\u0117 \u201eSilk 2\u201c<br \/>\nTelevizorius: 1 atvartas, u\u017e kurio yra 3 skyriai. Spintel\u0117: 1 i\u0161 dalies \u012fstiklintos durys, viduje 2 standartin\u0117s ir 2 stiklin\u0117s lentynos. Spintel\u0117 su atviromis lentynomis. 3 standartin\u0117s lentynos, 5 atviri skyriai. Baltas KVADRATINIS LED ap\u0161vietimas. Sienin\u0117 lentyna. Atidarymo sistema su spragtel\u0117jimu.<br \/>\nSpalva: Korpusas: balta, perlin\u0117 guoba; Priekis: blizgi balta PVC<br \/>\nMed\u017eiaga: Korpusas: laminuota bald\u0173 plok\u0161t\u0117, stiklas; Priekin\u0117 dalis: MDF, PVC folija, stiklas<\/p>","protected":false},"excerpt":{"rendered":"<p>Plotis (cm): 240<br \/>\n\u016agis (cm): 145<br \/>\nGylis (cm): 40<br \/>\nAsambl\u0117ja<br \/>\nSavaranki\u0161kas surinkimas<br \/>\nProdukto svoris [kg]: 91<\/p>","protected":false},"featured_media":288866,"comment_status":"open","ping_status":"open","template":"","meta":[],"product_brand":[],"product_cat":[9202,2008],"product_tag":[],"class_list":{"0":"post-288865","1":"product","2":"type-product","3":"status-publish","4":"has-post-thumbnail","6":"product_cat-asm","7":"product_cat-wall-units","9":"first","10":"instock","11":"purchasable","12":"product-type-simple"},"_links":{"self":[{"href":"https:\/\/baldumarket.lt\/lt\/wp-json\/wp\/v2\/product\/288865","targetHints":{"allow":["GET"]}}],"collection":[{"href":"https:\/\/baldumarket.lt\/lt\/wp-json\/wp\/v2\/product"}],"about":[{"href":"https:\/\/baldumarket.lt\/lt\/wp-json\/wp\/v2\/types\/product"}],"replies":[{"embeddable":true,"href":"https:\/\/baldumarket.lt\/lt\/wp-json\/wp\/v2\/comments?post=288865"}],"wp:featuredmedia":[{"embeddable":true,"href":"https:\/\/baldumarket.lt\/lt\/wp-json\/wp\/v2\/media\/288866"}],"wp:attachment":[{"href":"https:\/\/baldumarket.lt\/lt\/wp-json\/wp\/v2\/media?parent=288865"}],"wp:term":[{"taxonomy":"product_brand","embeddable":true,"href":"https:\/\/baldumarket.lt\/lt\/wp-json\/wp\/v2\/product_brand?post=288865"},{"taxonomy":"product_cat","embeddable":true,"href":"https:\/\/baldumarket.lt\/lt\/wp-json\/wp\/v2\/product_cat?post=288865"},{"taxonomy":"product_tag","embeddable":true,"href":"https:\/\/baldumarket.lt\/lt\/wp-json\/wp\/v2\/product_tag?post=288865"}],"curies":[{"name":"wp","href":"https:\/\/api.w.org\/{rel}","templated":true}]}}