{"id":288862,"date":"2026-01-14T23:17:17","date_gmt":"2026-01-14T20:17:17","guid":{"rendered":"https:\/\/baldumarket.lt\/product\/wow-mebloscianka-asm\/"},"modified":"2026-02-11T18:17:20","modified_gmt":"2026-02-11T15:17:20","slug":"wow-mebloscianka-asm","status":"publish","type":"product","link":"https:\/\/baldumarket.lt\/lt\/product\/wow-mebloscianka-asm\/","title":{"rendered":"Sienin\u0117 spintel\u0117 \u201eOho ASM\u201c"},"content":{"rendered":"<p>Sienin\u0117 spintel\u0117 \u201eWow\u201c<br \/>\nPakabinama vitrina: i\u0161 dalies \u012fstiklintos durys, u\u017e kuri\u0173 yra viena stiklin\u0117 lentyna, ap\u0161viesta baltu LED ap\u0161vietimu, ir viena \u012fprasta lentyna. Laisvai pastatoma vitrina: i\u0161 dalies \u012fstiklintos durys, u\u017e kuri\u0173 yra viena stiklin\u0117 lentyna, ap\u0161viesta baltu LED ap\u0161vietimu, ir viena \u012fprasta lentyna. Televizoriaus spintel\u0117: dvejos durys, u\u017e kuri\u0173 yra po vien\u0105 skyri\u0173. Vienas atviras skyrius centre. Lentyna.<br \/>\nSpalva: Korpusas: Historic Jackson, Priekis: Hickory Jackson, Juodos juostel\u0117s (spauda), Aplikacija: Juodas \u0161ilkografinis stiklas<br \/>\nMed\u017eiaga: Korpusas: Laminuota bald\u0173 plok\u0161t\u0117, Priekis: Laminuota plok\u0161t\u0117, Stiklas<\/p>","protected":false},"excerpt":{"rendered":"<p>Plotis (cm): 255<br \/>\n\u016agis (cm): 180<br \/>\nGylis (cm): 30<br \/>\nAsambl\u0117ja<br \/>\nsavaranki\u0161kam surinkimui<br \/>\nProdukto svoris [kg]: 79<\/p>","protected":false},"featured_media":288863,"comment_status":"open","ping_status":"open","template":"","meta":[],"product_brand":[],"product_cat":[9202,2008],"product_tag":[],"class_list":{"0":"post-288862","1":"product","2":"type-product","3":"status-publish","4":"has-post-thumbnail","6":"product_cat-asm","7":"product_cat-wall-units","9":"first","10":"instock","11":"purchasable","12":"product-type-simple"},"_links":{"self":[{"href":"https:\/\/baldumarket.lt\/lt\/wp-json\/wp\/v2\/product\/288862","targetHints":{"allow":["GET"]}}],"collection":[{"href":"https:\/\/baldumarket.lt\/lt\/wp-json\/wp\/v2\/product"}],"about":[{"href":"https:\/\/baldumarket.lt\/lt\/wp-json\/wp\/v2\/types\/product"}],"replies":[{"embeddable":true,"href":"https:\/\/baldumarket.lt\/lt\/wp-json\/wp\/v2\/comments?post=288862"}],"wp:featuredmedia":[{"embeddable":true,"href":"https:\/\/baldumarket.lt\/lt\/wp-json\/wp\/v2\/media\/288863"}],"wp:attachment":[{"href":"https:\/\/baldumarket.lt\/lt\/wp-json\/wp\/v2\/media?parent=288862"}],"wp:term":[{"taxonomy":"product_brand","embeddable":true,"href":"https:\/\/baldumarket.lt\/lt\/wp-json\/wp\/v2\/product_brand?post=288862"},{"taxonomy":"product_cat","embeddable":true,"href":"https:\/\/baldumarket.lt\/lt\/wp-json\/wp\/v2\/product_cat?post=288862"},{"taxonomy":"product_tag","embeddable":true,"href":"https:\/\/baldumarket.lt\/lt\/wp-json\/wp\/v2\/product_tag?post=288862"}],"curies":[{"name":"wp","href":"https:\/\/api.w.org\/{rel}","templated":true}]}}