{"id":288856,"date":"2026-01-14T23:17:12","date_gmt":"2026-01-14T20:17:12","guid":{"rendered":"https:\/\/baldumarket.lt\/product\/verti-mebloscianka-asm\/"},"modified":"2026-02-11T18:17:20","modified_gmt":"2026-02-11T15:17:20","slug":"verti-mebloscianka-asm","status":"publish","type":"product","link":"https:\/\/baldumarket.lt\/lt\/product\/verti-mebloscianka-asm\/","title":{"rendered":"\u201eVerti\u201c sieninis blokas ASM"},"content":{"rendered":"<p>\u201eVerti\u201c sieninis blokas<br \/>\nTV spintel\u0117: 3 durel\u0117s (3 skyriai). Sienin\u0117 spintel\u0117: I\u0161 dalies \u012fstiklinta priekin\u0117 dalis. 2 standartin\u0117s lentynos ir 2 stiklin\u0117s lentynos su baltu LED ap\u0161vietimu. Sienos plok\u0161t\u0117 su Jackson Hickory medienos lentel\u0117mis.<br \/>\nSpalva: Korpusas: Jackson Hickory, juoda Priekis: Jackson Hickory Papuo\u0161imai: juodos juostel\u0117s<br \/>\nMed\u017eiaga: Korpusas: laminuota bald\u0173 plok\u0161t\u0117 Priekis: laminuota bald\u0173 plok\u0161t\u0117, stiklas<\/p>","protected":false},"excerpt":{"rendered":"<p>Plotis (cm): 220<br \/>\n\u016agis (cm): 148<br \/>\nGylis (cm): 35<br \/>\nAsambl\u0117ja<br \/>\nsavaranki\u0161kam surinkimui<br \/>\nProdukto svoris [kg]: 84<\/p>","protected":false},"featured_media":288857,"comment_status":"open","ping_status":"open","template":"","meta":[],"product_brand":[],"product_cat":[9202,2008],"product_tag":[],"class_list":{"0":"post-288856","1":"product","2":"type-product","3":"status-publish","4":"has-post-thumbnail","6":"product_cat-asm","7":"product_cat-wall-units","9":"first","10":"instock","11":"purchasable","12":"product-type-simple"},"_links":{"self":[{"href":"https:\/\/baldumarket.lt\/lt\/wp-json\/wp\/v2\/product\/288856","targetHints":{"allow":["GET"]}}],"collection":[{"href":"https:\/\/baldumarket.lt\/lt\/wp-json\/wp\/v2\/product"}],"about":[{"href":"https:\/\/baldumarket.lt\/lt\/wp-json\/wp\/v2\/types\/product"}],"replies":[{"embeddable":true,"href":"https:\/\/baldumarket.lt\/lt\/wp-json\/wp\/v2\/comments?post=288856"}],"wp:featuredmedia":[{"embeddable":true,"href":"https:\/\/baldumarket.lt\/lt\/wp-json\/wp\/v2\/media\/288857"}],"wp:attachment":[{"href":"https:\/\/baldumarket.lt\/lt\/wp-json\/wp\/v2\/media?parent=288856"}],"wp:term":[{"taxonomy":"product_brand","embeddable":true,"href":"https:\/\/baldumarket.lt\/lt\/wp-json\/wp\/v2\/product_brand?post=288856"},{"taxonomy":"product_cat","embeddable":true,"href":"https:\/\/baldumarket.lt\/lt\/wp-json\/wp\/v2\/product_cat?post=288856"},{"taxonomy":"product_tag","embeddable":true,"href":"https:\/\/baldumarket.lt\/lt\/wp-json\/wp\/v2\/product_tag?post=288856"}],"curies":[{"name":"wp","href":"https:\/\/api.w.org\/{rel}","templated":true}]}}