{"id":288853,"date":"2026-01-14T23:17:09","date_gmt":"2026-01-14T20:17:09","guid":{"rendered":"https:\/\/baldumarket.lt\/product\/pedro-vii-zestaw-z-poduszka-asm\/"},"modified":"2026-02-11T18:17:20","modified_gmt":"2026-02-11T15:17:20","slug":"pedro-vii-zestaw-z-poduszka-asm","status":"publish","type":"product","link":"https:\/\/baldumarket.lt\/lt\/product\/pedro-vii-zestaw-z-poduszka-asm\/","title":{"rendered":"Pedro VII komplektas su ASM pagalve"},"content":{"rendered":"<p>Pedro VII komplektas su pagalv\u0117le<br \/>\nKOMPLEKTAS + Pagalv\u0117l\u0117<br \/>\nSpalva: Korpusas: Jackson Hickory, Priekis: Jackson Hickory, Juoda, Sm\u0117lio spalvos grotel\u0117s, Apmu\u0161ta panel\u0117, Pagalv\u0117l\u0117<br \/>\nMed\u017eiaga: Korpusas: laminuota plok\u0161t\u0117, stiklas, apmu\u0161ta plok\u0161t\u0117 IR pagalv\u0117l\u0117<br \/>\nPriekin\u0117 dalis: laminuota plok\u0161t\u0117<\/p>","protected":false},"excerpt":{"rendered":"<p>Plotis (cm): 230<br \/>\n\u016agis (cm): 202<br \/>\nGylis (cm): 35<br \/>\nAsambl\u0117ja<br \/>\nsavaranki\u0161kam surinkimui<br \/>\nProdukto svoris [kg]: 150,5<\/p>","protected":false},"featured_media":288854,"comment_status":"open","ping_status":"open","template":"","meta":[],"product_brand":[],"product_cat":[9202,1177],"product_tag":[],"class_list":{"0":"post-288853","1":"product","2":"type-product","3":"status-publish","4":"has-post-thumbnail","6":"product_cat-asm","7":"product_cat-wardrobes","9":"first","10":"instock","11":"purchasable","12":"product-type-simple"},"_links":{"self":[{"href":"https:\/\/baldumarket.lt\/lt\/wp-json\/wp\/v2\/product\/288853","targetHints":{"allow":["GET"]}}],"collection":[{"href":"https:\/\/baldumarket.lt\/lt\/wp-json\/wp\/v2\/product"}],"about":[{"href":"https:\/\/baldumarket.lt\/lt\/wp-json\/wp\/v2\/types\/product"}],"replies":[{"embeddable":true,"href":"https:\/\/baldumarket.lt\/lt\/wp-json\/wp\/v2\/comments?post=288853"}],"wp:featuredmedia":[{"embeddable":true,"href":"https:\/\/baldumarket.lt\/lt\/wp-json\/wp\/v2\/media\/288854"}],"wp:attachment":[{"href":"https:\/\/baldumarket.lt\/lt\/wp-json\/wp\/v2\/media?parent=288853"}],"wp:term":[{"taxonomy":"product_brand","embeddable":true,"href":"https:\/\/baldumarket.lt\/lt\/wp-json\/wp\/v2\/product_brand?post=288853"},{"taxonomy":"product_cat","embeddable":true,"href":"https:\/\/baldumarket.lt\/lt\/wp-json\/wp\/v2\/product_cat?post=288853"},{"taxonomy":"product_tag","embeddable":true,"href":"https:\/\/baldumarket.lt\/lt\/wp-json\/wp\/v2\/product_tag?post=288853"}],"curies":[{"name":"wp","href":"https:\/\/api.w.org\/{rel}","templated":true}]}}