{"id":288844,"date":"2026-01-14T23:17:02","date_gmt":"2026-01-14T20:17:02","guid":{"rendered":"https:\/\/baldumarket.lt\/product\/pedro-vi-zestaw-asm\/"},"modified":"2026-02-11T18:17:20","modified_gmt":"2026-02-11T15:17:20","slug":"pedro-vi-zestaw-asm","status":"publish","type":"product","link":"https:\/\/baldumarket.lt\/lt\/product\/pedro-vi-zestaw-asm\/","title":{"rendered":"Pedro VI ASM rinktin\u0117"},"content":{"rendered":"<p>Pedro VI rinkinys<br \/>\nDvidur\u0117 spinta: grotel\u0117s kair\u0117je pus\u0117je, 4 reguliuojamo auk\u0161\u010dio lentynos ir drabu\u017ei\u0173 kabykla viduje. Apmu\u0161ta spintel\u0117 su lentyna ir 4 kabliukais prie sienos. Laisvai stovinti spintel\u0117: dvidur\u0117 spintel\u0117 (grotel\u0117s priekyje kair\u0117je), vidin\u0117 lentyn\u0117l\u0117. Pagalv\u0117l\u0117 ne\u012fskai\u010diuota.<br \/>\nSpalva: Korpusas: Jackson hickory; Priekis: Jackson hickory, juodas; Sm\u0117lio spalvos grotel\u0117s; Apmu\u0161tas panelis<br \/>\nMed\u017eiaga: Korpusas: laminuota plok\u0161t\u0117, apmu\u0161ta plok\u0161t\u0117; Priekis: laminuota plok\u0161t\u0117<\/p>","protected":false},"excerpt":{"rendered":"<p>Plotis (cm): 130<br \/>\n\u016agis (cm): 202<br \/>\nGylis (cm): 35<br \/>\nAsambl\u0117ja<br \/>\nSavaranki\u0161kas surinkimas<br \/>\nProdukto svoris [kg]: 88<\/p>","protected":false},"featured_media":288845,"comment_status":"open","ping_status":"open","template":"","meta":[],"product_brand":[],"product_cat":[9202,1177],"product_tag":[],"class_list":{"0":"post-288844","1":"product","2":"type-product","3":"status-publish","4":"has-post-thumbnail","6":"product_cat-asm","7":"product_cat-wardrobes","9":"first","10":"instock","11":"purchasable","12":"product-type-simple"},"_links":{"self":[{"href":"https:\/\/baldumarket.lt\/lt\/wp-json\/wp\/v2\/product\/288844","targetHints":{"allow":["GET"]}}],"collection":[{"href":"https:\/\/baldumarket.lt\/lt\/wp-json\/wp\/v2\/product"}],"about":[{"href":"https:\/\/baldumarket.lt\/lt\/wp-json\/wp\/v2\/types\/product"}],"replies":[{"embeddable":true,"href":"https:\/\/baldumarket.lt\/lt\/wp-json\/wp\/v2\/comments?post=288844"}],"wp:featuredmedia":[{"embeddable":true,"href":"https:\/\/baldumarket.lt\/lt\/wp-json\/wp\/v2\/media\/288845"}],"wp:attachment":[{"href":"https:\/\/baldumarket.lt\/lt\/wp-json\/wp\/v2\/media?parent=288844"}],"wp:term":[{"taxonomy":"product_brand","embeddable":true,"href":"https:\/\/baldumarket.lt\/lt\/wp-json\/wp\/v2\/product_brand?post=288844"},{"taxonomy":"product_cat","embeddable":true,"href":"https:\/\/baldumarket.lt\/lt\/wp-json\/wp\/v2\/product_cat?post=288844"},{"taxonomy":"product_tag","embeddable":true,"href":"https:\/\/baldumarket.lt\/lt\/wp-json\/wp\/v2\/product_tag?post=288844"}],"curies":[{"name":"wp","href":"https:\/\/api.w.org\/{rel}","templated":true}]}}