{"id":288838,"date":"2026-01-14T23:16:58","date_gmt":"2026-01-14T20:16:58","guid":{"rendered":"https:\/\/baldumarket.lt\/product\/pedro-v-zestaw-asm\/"},"modified":"2026-02-11T18:17:20","modified_gmt":"2026-02-11T15:17:20","slug":"pedro-v-zestaw-asm","status":"publish","type":"product","link":"https:\/\/baldumarket.lt\/lt\/product\/pedro-v-zestaw-asm\/","title":{"rendered":"Pedro V ASM rinktin\u0117"},"content":{"rendered":"<p>Pedro V rinkinys<br \/>\nSienin\u0117 spintel\u0117 su veidrod\u017eiu ir lentynomis. Bat\u0173 spintel\u0117: kair\u0117je pus\u0117je durys su grotel\u0117mis, u\u017e j\u0173 dvi standartin\u0117s lentynos, de\u0161in\u0117je stal\u010dius, o po jais dvi bat\u0173 lentynos su varstomomis durel\u0117mis. Apmu\u0161ta spintel\u0117 su lentyna ir 4 kabliukais ant sienos. Apatin\u0117 spintel\u0117: dvidur\u0117 spintel\u0117 (kair\u0117je pus\u0117je su grotel\u0117mis priekyje), vidinis skyrius. Pagalv\u0117l\u0117 ne\u012fskai\u010diuota.<br \/>\nSpalva: Korpusas: Jackson hickory; Priekis: Jackson hickory, juodas; Sm\u0117lio spalvos grotel\u0117s; Apmu\u0161tas panelis<br \/>\nMed\u017eiaga: Korpusas: laminuota plok\u0161t\u0117, stiklas; Priekin\u0117 dalis: laminuota plok\u0161t\u0117<\/p>","protected":false},"excerpt":{"rendered":"<p>Plotis (cm): 160<br \/>\n\u016agis (cm): 202<br \/>\nGylis (cm): 35<br \/>\nAsambl\u0117ja<br \/>\nSavaranki\u0161kas surinkimas<br \/>\nProdukto svoris [kg]: 94<\/p>","protected":false},"featured_media":288839,"comment_status":"open","ping_status":"open","template":"","meta":[],"product_brand":[],"product_cat":[9202,1177],"product_tag":[],"class_list":{"0":"post-288838","1":"product","2":"type-product","3":"status-publish","4":"has-post-thumbnail","6":"product_cat-asm","7":"product_cat-wardrobes","9":"first","10":"instock","11":"purchasable","12":"product-type-simple"},"_links":{"self":[{"href":"https:\/\/baldumarket.lt\/lt\/wp-json\/wp\/v2\/product\/288838","targetHints":{"allow":["GET"]}}],"collection":[{"href":"https:\/\/baldumarket.lt\/lt\/wp-json\/wp\/v2\/product"}],"about":[{"href":"https:\/\/baldumarket.lt\/lt\/wp-json\/wp\/v2\/types\/product"}],"replies":[{"embeddable":true,"href":"https:\/\/baldumarket.lt\/lt\/wp-json\/wp\/v2\/comments?post=288838"}],"wp:featuredmedia":[{"embeddable":true,"href":"https:\/\/baldumarket.lt\/lt\/wp-json\/wp\/v2\/media\/288839"}],"wp:attachment":[{"href":"https:\/\/baldumarket.lt\/lt\/wp-json\/wp\/v2\/media?parent=288838"}],"wp:term":[{"taxonomy":"product_brand","embeddable":true,"href":"https:\/\/baldumarket.lt\/lt\/wp-json\/wp\/v2\/product_brand?post=288838"},{"taxonomy":"product_cat","embeddable":true,"href":"https:\/\/baldumarket.lt\/lt\/wp-json\/wp\/v2\/product_cat?post=288838"},{"taxonomy":"product_tag","embeddable":true,"href":"https:\/\/baldumarket.lt\/lt\/wp-json\/wp\/v2\/product_tag?post=288838"}],"curies":[{"name":"wp","href":"https:\/\/api.w.org\/{rel}","templated":true}]}}