{"id":288829,"date":"2026-01-14T23:16:51","date_gmt":"2026-01-14T20:16:51","guid":{"rendered":"https:\/\/baldumarket.lt\/product\/pedro-iii-zestaw-asm\/"},"modified":"2026-02-11T18:17:21","modified_gmt":"2026-02-11T15:17:21","slug":"pedro-iii-zestaw-asm","status":"publish","type":"product","link":"https:\/\/baldumarket.lt\/lt\/product\/pedro-iii-zestaw-asm\/","title":{"rendered":"Pedro III ASM rinktin\u0117"},"content":{"rendered":"<p>Pedro III rinkinys<br \/>\nDvidur\u0117 spinta: kair\u0117je su groteli\u0173 durimis, viduje 4 reguliuojamo auk\u0161\u010dio lentynos ir kabykla paltams. Sienos panel\u0117 su veidrod\u017eiu ir lentynomis. Bat\u0173 spintel\u0117: kair\u0117je su groteli\u0173 durimis, gale 2 standartin\u0117s lentynos, de\u0161in\u0117je stal\u010dius ir apa\u010dioje 2 bat\u0173 lentynos su varstomomis durimis.<br \/>\nSpalva: Korpusas: Jackson hickory, priekis: Jackson hickory, juodos juostos<br \/>\nMed\u017eiaga: Korpusas: laminuota plok\u0161t\u0117, stiklas, Priekis: laminuota plok\u0161t\u0117<\/p>","protected":false},"excerpt":{"rendered":"<p>Plotis (cm): 160<br \/>\n\u016agis (cm): 202<br \/>\nGylis (cm): 35<br \/>\nAsambl\u0117ja<br \/>\nSavaranki\u0161kas surinkimas<br \/>\nProdukto svoris [kg]: 120<\/p>","protected":false},"featured_media":288830,"comment_status":"open","ping_status":"open","template":"","meta":[],"product_brand":[],"product_cat":[9202,1177],"product_tag":[],"class_list":{"0":"post-288829","1":"product","2":"type-product","3":"status-publish","4":"has-post-thumbnail","6":"product_cat-asm","7":"product_cat-wardrobes","9":"first","10":"instock","11":"purchasable","12":"product-type-simple"},"_links":{"self":[{"href":"https:\/\/baldumarket.lt\/lt\/wp-json\/wp\/v2\/product\/288829","targetHints":{"allow":["GET"]}}],"collection":[{"href":"https:\/\/baldumarket.lt\/lt\/wp-json\/wp\/v2\/product"}],"about":[{"href":"https:\/\/baldumarket.lt\/lt\/wp-json\/wp\/v2\/types\/product"}],"replies":[{"embeddable":true,"href":"https:\/\/baldumarket.lt\/lt\/wp-json\/wp\/v2\/comments?post=288829"}],"wp:featuredmedia":[{"embeddable":true,"href":"https:\/\/baldumarket.lt\/lt\/wp-json\/wp\/v2\/media\/288830"}],"wp:attachment":[{"href":"https:\/\/baldumarket.lt\/lt\/wp-json\/wp\/v2\/media?parent=288829"}],"wp:term":[{"taxonomy":"product_brand","embeddable":true,"href":"https:\/\/baldumarket.lt\/lt\/wp-json\/wp\/v2\/product_brand?post=288829"},{"taxonomy":"product_cat","embeddable":true,"href":"https:\/\/baldumarket.lt\/lt\/wp-json\/wp\/v2\/product_cat?post=288829"},{"taxonomy":"product_tag","embeddable":true,"href":"https:\/\/baldumarket.lt\/lt\/wp-json\/wp\/v2\/product_tag?post=288829"}],"curies":[{"name":"wp","href":"https:\/\/api.w.org\/{rel}","templated":true}]}}