{"id":288823,"date":"2026-01-14T23:16:46","date_gmt":"2026-01-14T20:16:46","guid":{"rendered":"https:\/\/baldumarket.lt\/product\/pedro-ii-zestaw-asm\/"},"modified":"2026-02-11T18:17:21","modified_gmt":"2026-02-11T15:17:21","slug":"pedro-ii-zestaw-asm","status":"publish","type":"product","link":"https:\/\/baldumarket.lt\/lt\/product\/pedro-ii-zestaw-asm\/","title":{"rendered":"Pedro II ASM rinkinys"},"content":{"rendered":"<p>Pedro II rinkinys<br \/>\nDvidur\u0117 spinta: kair\u0117je pus\u0117je durys su grotel\u0117mis, 4 reguliuojamo auk\u0161\u010dio lentynos ir drabu\u017ei\u0173 pakaba viduje. Pakabinimo plok\u0161t\u0117 su lentyna apa\u010dioje, statmena pakaba ir 4 atskiri drabu\u017ei\u0173 pakabos ant sienos. Laisvai stovinti spintel\u0117: dvidur\u0117 spintel\u0117 (kair\u0117je pus\u0117je, priekis su grotel\u0117mis), viduje skyrius. Pagalv\u0117l\u0117 ne\u012fskai\u010diuota.<br \/>\nSpalva: Korpusas: Jackson hickory, priekis: Jackson hickory, juodos juostos<br \/>\nMed\u017eiaga: Korpusas: laminuota plok\u0161t\u0117, Priekis: laminuota plok\u0161t\u0117<\/p>","protected":false},"excerpt":{"rendered":"<p>Plotis (cm): 130<br \/>\n\u016agis (cm): 202<br \/>\nGylis (cm): 35<br \/>\nAsambl\u0117ja<br \/>\nSavaranki\u0161kas surinkimas<br \/>\nProdukto svoris [kg]: 83<\/p>","protected":false},"featured_media":288824,"comment_status":"open","ping_status":"open","template":"","meta":[],"product_brand":[],"product_cat":[9202,1177],"product_tag":[],"class_list":{"0":"post-288823","1":"product","2":"type-product","3":"status-publish","4":"has-post-thumbnail","6":"product_cat-asm","7":"product_cat-wardrobes","9":"first","10":"instock","11":"purchasable","12":"product-type-simple"},"_links":{"self":[{"href":"https:\/\/baldumarket.lt\/lt\/wp-json\/wp\/v2\/product\/288823","targetHints":{"allow":["GET"]}}],"collection":[{"href":"https:\/\/baldumarket.lt\/lt\/wp-json\/wp\/v2\/product"}],"about":[{"href":"https:\/\/baldumarket.lt\/lt\/wp-json\/wp\/v2\/types\/product"}],"replies":[{"embeddable":true,"href":"https:\/\/baldumarket.lt\/lt\/wp-json\/wp\/v2\/comments?post=288823"}],"wp:featuredmedia":[{"embeddable":true,"href":"https:\/\/baldumarket.lt\/lt\/wp-json\/wp\/v2\/media\/288824"}],"wp:attachment":[{"href":"https:\/\/baldumarket.lt\/lt\/wp-json\/wp\/v2\/media?parent=288823"}],"wp:term":[{"taxonomy":"product_brand","embeddable":true,"href":"https:\/\/baldumarket.lt\/lt\/wp-json\/wp\/v2\/product_brand?post=288823"},{"taxonomy":"product_cat","embeddable":true,"href":"https:\/\/baldumarket.lt\/lt\/wp-json\/wp\/v2\/product_cat?post=288823"},{"taxonomy":"product_tag","embeddable":true,"href":"https:\/\/baldumarket.lt\/lt\/wp-json\/wp\/v2\/product_tag?post=288823"}],"curies":[{"name":"wp","href":"https:\/\/api.w.org\/{rel}","templated":true}]}}