{"id":288817,"date":"2026-01-14T23:16:42","date_gmt":"2026-01-14T20:16:42","guid":{"rendered":"https:\/\/baldumarket.lt\/product\/pedro-i-zestaw-asm\/"},"modified":"2026-02-11T18:17:21","modified_gmt":"2026-02-11T15:17:21","slug":"pedro-i-zestaw-asm","status":"publish","type":"product","link":"https:\/\/baldumarket.lt\/lt\/product\/pedro-i-zestaw-asm\/","title":{"rendered":"Pedro I ASM rinktin\u0117"},"content":{"rendered":"<p>Pedro I rinkinys<br \/>\nSienin\u0117 panel\u0117 su veidrod\u017eiu ir lentynomis. Bat\u0173 spintel\u0117: kair\u0117je pus\u0117je durys su grotel\u0117mis, u\u017e j\u0173 dvi standartin\u0117s lentynos, de\u0161in\u0117je stal\u010dius, o po jais dvi bat\u0173 lentynos su varstomomis durel\u0117mis. Pakabos panel\u0117 su lentyna apa\u010dioje, statmena palt\u0173 kabykla ir 4 atskirais drabu\u017ei\u0173 kabliukais ant sienos. Laisvai stovinti spintel\u0117: dvidur\u0117 spintel\u0117 (kair\u0117je pus\u0117je, priekyje su grotel\u0117mis), vidinis skyrius. Pagalv\u0117l\u0117 ne\u012fskai\u010diuota.<br \/>\nSpalva: Korpusas: Jackson hickory, priekis: Jackson hickory, juodos juostos<br \/>\nMed\u017eiaga: Korpusas: laminuota plok\u0161t\u0117, stiklas, Priekis: laminuota plok\u0161t\u0117<\/p>","protected":false},"excerpt":{"rendered":"<p>Plotis (cm): 160<br \/>\n\u016agis (cm): 202<br \/>\nGylis (cm): 35<br \/>\nAsambl\u0117ja<br \/>\nsavaranki\u0161kam surinkimui<br \/>\nProdukto svoris [kg]: 89<\/p>","protected":false},"featured_media":288818,"comment_status":"open","ping_status":"open","template":"","meta":[],"product_brand":[],"product_cat":[9202,1177],"product_tag":[],"class_list":{"0":"post-288817","1":"product","2":"type-product","3":"status-publish","4":"has-post-thumbnail","6":"product_cat-asm","7":"product_cat-wardrobes","9":"first","10":"instock","11":"purchasable","12":"product-type-simple"},"_links":{"self":[{"href":"https:\/\/baldumarket.lt\/lt\/wp-json\/wp\/v2\/product\/288817","targetHints":{"allow":["GET"]}}],"collection":[{"href":"https:\/\/baldumarket.lt\/lt\/wp-json\/wp\/v2\/product"}],"about":[{"href":"https:\/\/baldumarket.lt\/lt\/wp-json\/wp\/v2\/types\/product"}],"replies":[{"embeddable":true,"href":"https:\/\/baldumarket.lt\/lt\/wp-json\/wp\/v2\/comments?post=288817"}],"wp:featuredmedia":[{"embeddable":true,"href":"https:\/\/baldumarket.lt\/lt\/wp-json\/wp\/v2\/media\/288818"}],"wp:attachment":[{"href":"https:\/\/baldumarket.lt\/lt\/wp-json\/wp\/v2\/media?parent=288817"}],"wp:term":[{"taxonomy":"product_brand","embeddable":true,"href":"https:\/\/baldumarket.lt\/lt\/wp-json\/wp\/v2\/product_brand?post=288817"},{"taxonomy":"product_cat","embeddable":true,"href":"https:\/\/baldumarket.lt\/lt\/wp-json\/wp\/v2\/product_cat?post=288817"},{"taxonomy":"product_tag","embeddable":true,"href":"https:\/\/baldumarket.lt\/lt\/wp-json\/wp\/v2\/product_tag?post=288817"}],"curies":[{"name":"wp","href":"https:\/\/api.w.org\/{rel}","templated":true}]}}