{"id":288803,"date":"2026-01-14T23:16:32","date_gmt":"2026-01-14T20:16:32","guid":{"rendered":"https:\/\/baldumarket.lt\/product\/pedro-typ-f-asm\/"},"modified":"2026-02-11T18:17:21","modified_gmt":"2026-02-11T15:17:21","slug":"pedro-typ-f-asm","status":"publish","type":"product","link":"https:\/\/baldumarket.lt\/lt\/product\/pedro-typ-f-asm\/","title":{"rendered":"Pedro F tipo ASM"},"content":{"rendered":"<p>Pedro F tipo<br \/>\nGrind\u0173 spintel\u0117: dvidur\u0117 spintel\u0117 (kair\u0117je pus\u0117je su groteli\u0173 priekiu), vidinis skyrius.<br \/>\nSpalva: Korpusas: Jackson hickory, Priekis: Jackson hickory, juodos juostos<br \/>\nMed\u017eiaga: Korpusas: laminuota plok\u0161t\u0117, Priekis: laminuota plok\u0161t\u0117<\/p>","protected":false},"excerpt":{"rendered":"<p>Plotis (cm): 60<br \/>\n\u016agis (cm): 46<br \/>\nGylis (cm): 35<br \/>\nAsambl\u0117ja<br \/>\nsavaranki\u0161kam surinkimui<br \/>\nProdukto svoris [kg]: 18<\/p>","protected":false},"featured_media":288804,"comment_status":"open","ping_status":"open","template":"","meta":[],"product_brand":[],"product_cat":[9202,1997],"product_tag":[],"class_list":{"0":"post-288803","1":"product","2":"type-product","3":"status-publish","4":"has-post-thumbnail","6":"product_cat-asm","7":"product_cat-shoe-cabinets","9":"first","10":"instock","11":"purchasable","12":"product-type-simple"},"_links":{"self":[{"href":"https:\/\/baldumarket.lt\/lt\/wp-json\/wp\/v2\/product\/288803","targetHints":{"allow":["GET"]}}],"collection":[{"href":"https:\/\/baldumarket.lt\/lt\/wp-json\/wp\/v2\/product"}],"about":[{"href":"https:\/\/baldumarket.lt\/lt\/wp-json\/wp\/v2\/types\/product"}],"replies":[{"embeddable":true,"href":"https:\/\/baldumarket.lt\/lt\/wp-json\/wp\/v2\/comments?post=288803"}],"wp:featuredmedia":[{"embeddable":true,"href":"https:\/\/baldumarket.lt\/lt\/wp-json\/wp\/v2\/media\/288804"}],"wp:attachment":[{"href":"https:\/\/baldumarket.lt\/lt\/wp-json\/wp\/v2\/media?parent=288803"}],"wp:term":[{"taxonomy":"product_brand","embeddable":true,"href":"https:\/\/baldumarket.lt\/lt\/wp-json\/wp\/v2\/product_brand?post=288803"},{"taxonomy":"product_cat","embeddable":true,"href":"https:\/\/baldumarket.lt\/lt\/wp-json\/wp\/v2\/product_cat?post=288803"},{"taxonomy":"product_tag","embeddable":true,"href":"https:\/\/baldumarket.lt\/lt\/wp-json\/wp\/v2\/product_tag?post=288803"}],"curies":[{"name":"wp","href":"https:\/\/api.w.org\/{rel}","templated":true}]}}