{"id":288795,"date":"2026-01-14T23:16:26","date_gmt":"2026-01-14T20:16:26","guid":{"rendered":"https:\/\/baldumarket.lt\/product\/pedro-typ-d-asm\/"},"modified":"2026-02-11T18:17:21","modified_gmt":"2026-02-11T15:17:21","slug":"pedro-typ-d-asm","status":"publish","type":"product","link":"https:\/\/baldumarket.lt\/lt\/product\/pedro-typ-d-asm\/","title":{"rendered":"Pedro D tipo ASM"},"content":{"rendered":"<p>Pedro D tipo<br \/>\nPakabos skydelis su lentyna, po kuria yra statmena pakaba, ir 4 atskirais prie sienos tvirtinamais drabu\u017ei\u0173 kabliukais.<br \/>\nSpalva: D\u017eeksono hikorio<br \/>\nMed\u017eiaga: Korpusas: laminuota plok\u0161t\u0117<br \/>\nPriekin\u0117 dalis:<\/p>","protected":false},"excerpt":{"rendered":"<p>Plotis (cm): 60<br \/>\n\u016agis (cm): 146<br \/>\nGylis (cm): 28<br \/>\nAsambl\u0117ja<br \/>\nsavaranki\u0161kam surinkimui<br \/>\nProdukto svoris [kg]: 9<\/p>","protected":false},"featured_media":288796,"comment_status":"open","ping_status":"open","template":"","meta":[],"product_brand":[],"product_cat":[9202,1931],"product_tag":[],"class_list":{"0":"post-288795","1":"product","2":"type-product","3":"status-publish","4":"has-post-thumbnail","6":"product_cat-asm","7":"product_cat-hangers","9":"first","10":"instock","11":"purchasable","12":"product-type-simple"},"_links":{"self":[{"href":"https:\/\/baldumarket.lt\/lt\/wp-json\/wp\/v2\/product\/288795","targetHints":{"allow":["GET"]}}],"collection":[{"href":"https:\/\/baldumarket.lt\/lt\/wp-json\/wp\/v2\/product"}],"about":[{"href":"https:\/\/baldumarket.lt\/lt\/wp-json\/wp\/v2\/types\/product"}],"replies":[{"embeddable":true,"href":"https:\/\/baldumarket.lt\/lt\/wp-json\/wp\/v2\/comments?post=288795"}],"wp:featuredmedia":[{"embeddable":true,"href":"https:\/\/baldumarket.lt\/lt\/wp-json\/wp\/v2\/media\/288796"}],"wp:attachment":[{"href":"https:\/\/baldumarket.lt\/lt\/wp-json\/wp\/v2\/media?parent=288795"}],"wp:term":[{"taxonomy":"product_brand","embeddable":true,"href":"https:\/\/baldumarket.lt\/lt\/wp-json\/wp\/v2\/product_brand?post=288795"},{"taxonomy":"product_cat","embeddable":true,"href":"https:\/\/baldumarket.lt\/lt\/wp-json\/wp\/v2\/product_cat?post=288795"},{"taxonomy":"product_tag","embeddable":true,"href":"https:\/\/baldumarket.lt\/lt\/wp-json\/wp\/v2\/product_tag?post=288795"}],"curies":[{"name":"wp","href":"https:\/\/api.w.org\/{rel}","templated":true}]}}