{"id":288783,"date":"2026-01-14T23:16:18","date_gmt":"2026-01-14T20:16:18","guid":{"rendered":"https:\/\/baldumarket.lt\/product\/zestaw-cross-z-biokominkiem-asm\/"},"modified":"2026-02-11T18:17:21","modified_gmt":"2026-02-11T15:17:21","slug":"zestaw-cross-z-biokominkiem-asm","status":"publish","type":"product","link":"https:\/\/baldumarket.lt\/lt\/product\/zestaw-cross-z-biokominkiem-asm\/","title":{"rendered":"Kry\u017eminis komplektas su ASM bio\u017eidiniu"},"content":{"rendered":"<p>Kry\u017eminis komplektas su bio\u017eidiniu<br \/>\nSpalva: Korpusas: Hickory Jackson, juoda Priekis: Hickory Jackson, juodas Bio\u017eidinys<br \/>\nKonstrukcija: K\u0117bulas: Priekis:<\/p>","protected":false},"excerpt":{"rendered":"<p>Plotis (cm): 330<br \/>\n\u016agis (cm): 195<br \/>\nGylis (cm): 50<br \/>\nAsambl\u0117ja<br \/>\nSavaranki\u0161kas surinkimas<br \/>\nProdukto svoris [kg]: 176<\/p>","protected":false},"featured_media":288784,"comment_status":"open","ping_status":"open","template":"","meta":[],"product_brand":[],"product_cat":[9202,2008],"product_tag":[],"class_list":{"0":"post-288783","1":"product","2":"type-product","3":"status-publish","4":"has-post-thumbnail","6":"product_cat-asm","7":"product_cat-wall-units","9":"first","10":"instock","11":"purchasable","12":"product-type-simple"},"_links":{"self":[{"href":"https:\/\/baldumarket.lt\/lt\/wp-json\/wp\/v2\/product\/288783","targetHints":{"allow":["GET"]}}],"collection":[{"href":"https:\/\/baldumarket.lt\/lt\/wp-json\/wp\/v2\/product"}],"about":[{"href":"https:\/\/baldumarket.lt\/lt\/wp-json\/wp\/v2\/types\/product"}],"replies":[{"embeddable":true,"href":"https:\/\/baldumarket.lt\/lt\/wp-json\/wp\/v2\/comments?post=288783"}],"wp:featuredmedia":[{"embeddable":true,"href":"https:\/\/baldumarket.lt\/lt\/wp-json\/wp\/v2\/media\/288784"}],"wp:attachment":[{"href":"https:\/\/baldumarket.lt\/lt\/wp-json\/wp\/v2\/media?parent=288783"}],"wp:term":[{"taxonomy":"product_brand","embeddable":true,"href":"https:\/\/baldumarket.lt\/lt\/wp-json\/wp\/v2\/product_brand?post=288783"},{"taxonomy":"product_cat","embeddable":true,"href":"https:\/\/baldumarket.lt\/lt\/wp-json\/wp\/v2\/product_cat?post=288783"},{"taxonomy":"product_tag","embeddable":true,"href":"https:\/\/baldumarket.lt\/lt\/wp-json\/wp\/v2\/product_tag?post=288783"}],"curies":[{"name":"wp","href":"https:\/\/api.w.org\/{rel}","templated":true}]}}