{"id":288777,"date":"2026-01-14T23:16:14","date_gmt":"2026-01-14T20:16:14","guid":{"rendered":"https:\/\/baldumarket.lt\/product\/cross-witryna-niska-asm\/"},"modified":"2026-02-11T18:17:22","modified_gmt":"2026-02-11T15:17:22","slug":"cross-witryna-niska-asm","status":"publish","type":"product","link":"https:\/\/baldumarket.lt\/lt\/product\/cross-witryna-niska-asm\/","title":{"rendered":"\u017demas kry\u017eius vitrinai ASM"},"content":{"rendered":"<p>\u017dema kry\u017eiaus vitrina<br \/>\n\u017dema vitrina: centre atviras skyrius, ap\u0161viestas baltu \u201eQuad LED\u201c ap\u0161vietimu. Vir\u0161uje du stal\u010diai. Kair\u0117je pus\u0117je durys, u\u017e kuri\u0173 yra viena standartin\u0117 lentyna. De\u0161in\u0117je pus\u0117je durys, u\u017e kuri\u0173 yra viena standartin\u0117 lentyna. Durys atsidaro spustel\u0117jimo funkcija. Priekyje: juodos juostel\u0117s (spaudas).<br \/>\nSpalva: Korpusas: Jackson hickory, juoda Priekis: Jackson hickory, juoda, juodos juostel\u0117s (spaudas)<br \/>\nMed\u017eiaga: Korpusas: laminuota bald\u0173 plok\u0161t\u0117 Priekis: laminuota bald\u0173 plok\u0161t\u0117<\/p>","protected":false},"excerpt":{"rendered":"<p>Plotis (cm): 90<br \/>\n\u016agis (cm): 110<br \/>\nGylis (cm): 40<br \/>\nAsambl\u0117ja<br \/>\nsavaranki\u0161kam surinkimui<br \/>\nProdukto svoris [kg]: 56,5<\/p>","protected":false},"featured_media":288778,"comment_status":"open","ping_status":"open","template":"","meta":[],"product_brand":[],"product_cat":[9202,2006],"product_tag":[],"class_list":{"0":"post-288777","1":"product","2":"type-product","3":"status-publish","4":"has-post-thumbnail","6":"product_cat-asm","7":"product_cat-vitrines","9":"first","10":"instock","11":"purchasable","12":"product-type-simple"},"_links":{"self":[{"href":"https:\/\/baldumarket.lt\/lt\/wp-json\/wp\/v2\/product\/288777","targetHints":{"allow":["GET"]}}],"collection":[{"href":"https:\/\/baldumarket.lt\/lt\/wp-json\/wp\/v2\/product"}],"about":[{"href":"https:\/\/baldumarket.lt\/lt\/wp-json\/wp\/v2\/types\/product"}],"replies":[{"embeddable":true,"href":"https:\/\/baldumarket.lt\/lt\/wp-json\/wp\/v2\/comments?post=288777"}],"wp:featuredmedia":[{"embeddable":true,"href":"https:\/\/baldumarket.lt\/lt\/wp-json\/wp\/v2\/media\/288778"}],"wp:attachment":[{"href":"https:\/\/baldumarket.lt\/lt\/wp-json\/wp\/v2\/media?parent=288777"}],"wp:term":[{"taxonomy":"product_brand","embeddable":true,"href":"https:\/\/baldumarket.lt\/lt\/wp-json\/wp\/v2\/product_brand?post=288777"},{"taxonomy":"product_cat","embeddable":true,"href":"https:\/\/baldumarket.lt\/lt\/wp-json\/wp\/v2\/product_cat?post=288777"},{"taxonomy":"product_tag","embeddable":true,"href":"https:\/\/baldumarket.lt\/lt\/wp-json\/wp\/v2\/product_tag?post=288777"}],"curies":[{"name":"wp","href":"https:\/\/api.w.org\/{rel}","templated":true}]}}