{"id":288774,"date":"2026-01-14T23:16:11","date_gmt":"2026-01-14T20:16:11","guid":{"rendered":"https:\/\/baldumarket.lt\/product\/cross-komoda-asm\/"},"modified":"2026-02-11T18:17:22","modified_gmt":"2026-02-11T15:17:22","slug":"cross-komoda-asm","status":"publish","type":"product","link":"https:\/\/baldumarket.lt\/lt\/product\/cross-komoda-asm\/","title":{"rendered":"Kry\u017emin\u0117 komoda ASM"},"content":{"rendered":"<p>Kry\u017emin\u0117 komoda<br \/>\nKomoda: Centre atviras skyrius, ap\u0161viestas baltu keturi\u0173 spalv\u0173 LED ap\u0161vietimu. Vir\u0161uje du stal\u010diai. De\u0161in\u0117je \u2013 durel\u0117s, u\u017e kuri\u0173 yra viena lentyna. Apa\u010dioje \u2013 atvartas, u\u017e kurio yra du skyriai. Priekis: juodos juostel\u0117s (ra\u0161tas). Juodos juostel\u0117s (ra\u0161tas).<br \/>\nSpalva: Korpusas: Jackson hickory, juoda Priekis: Jackson hickory, juoda, juodos juostel\u0117s (spaudas)<br \/>\nMed\u017eiaga: Korpusas: laminuota bald\u0173 plok\u0161t\u0117 Priekis: laminuota bald\u0173 plok\u0161t\u0117<\/p>","protected":false},"excerpt":{"rendered":"<p>Plotis (cm): 150<br \/>\n\u016agis (cm): 90<br \/>\nGylis (cm): 45<br \/>\nAsambl\u0117ja<br \/>\nsavaranki\u0161kam surinkimui<br \/>\nProdukto svoris [kg]: 74,5<\/p>","protected":false},"featured_media":288775,"comment_status":"open","ping_status":"open","template":"","meta":[],"product_brand":[],"product_cat":[9202,1173],"product_tag":[],"class_list":{"0":"post-288774","1":"product","2":"type-product","3":"status-publish","4":"has-post-thumbnail","6":"product_cat-asm","7":"product_cat-chests-of-drawers","9":"first","10":"instock","11":"purchasable","12":"product-type-simple"},"_links":{"self":[{"href":"https:\/\/baldumarket.lt\/lt\/wp-json\/wp\/v2\/product\/288774","targetHints":{"allow":["GET"]}}],"collection":[{"href":"https:\/\/baldumarket.lt\/lt\/wp-json\/wp\/v2\/product"}],"about":[{"href":"https:\/\/baldumarket.lt\/lt\/wp-json\/wp\/v2\/types\/product"}],"replies":[{"embeddable":true,"href":"https:\/\/baldumarket.lt\/lt\/wp-json\/wp\/v2\/comments?post=288774"}],"wp:featuredmedia":[{"embeddable":true,"href":"https:\/\/baldumarket.lt\/lt\/wp-json\/wp\/v2\/media\/288775"}],"wp:attachment":[{"href":"https:\/\/baldumarket.lt\/lt\/wp-json\/wp\/v2\/media?parent=288774"}],"wp:term":[{"taxonomy":"product_brand","embeddable":true,"href":"https:\/\/baldumarket.lt\/lt\/wp-json\/wp\/v2\/product_brand?post=288774"},{"taxonomy":"product_cat","embeddable":true,"href":"https:\/\/baldumarket.lt\/lt\/wp-json\/wp\/v2\/product_cat?post=288774"},{"taxonomy":"product_tag","embeddable":true,"href":"https:\/\/baldumarket.lt\/lt\/wp-json\/wp\/v2\/product_tag?post=288774"}],"curies":[{"name":"wp","href":"https:\/\/api.w.org\/{rel}","templated":true}]}}