{"id":288771,"date":"2026-01-14T23:16:07","date_gmt":"2026-01-14T20:16:07","guid":{"rendered":"https:\/\/baldumarket.lt\/product\/cross-rtv-asm\/"},"modified":"2026-02-11T18:17:22","modified_gmt":"2026-02-11T15:17:22","slug":"cross-rtv-asm","status":"publish","type":"product","link":"https:\/\/baldumarket.lt\/lt\/product\/cross-rtv-asm\/","title":{"rendered":"Kry\u017eminis rtv ASM"},"content":{"rendered":"<p>Kry\u017eminis TV\/Radijo\/TV staliukas: atviras skyrius, ap\u0161viestas baltu keturi\u0173 spalv\u0173 LED ap\u0161vietimu. Vienas stal\u010dius. Dvejos durys, kiekvienose po vien\u0105 skyri\u0173. Durys ir stal\u010dius atsidaro spragtel\u0117jimo mechanizmu. Priekyje yra juodos juostel\u0117s (spaudinys).<br \/>\nSpalva: Korpusas: Jackson hickory, juoda Priekis: Jackson hickory, juoda, juodos juostel\u0117s (spaudas)<br \/>\nMed\u017eiaga: Korpusas: laminuota bald\u0173 plok\u0161t\u0117 Priekis: laminuota bald\u0173 plok\u0161t\u0117<\/p>","protected":false},"excerpt":{"rendered":"<p>Plotis (cm): 150<br \/>\n\u016agis (cm): 50<br \/>\nGylis (cm): 50<br \/>\nAsambl\u0117ja<br \/>\nsavaranki\u0161kam surinkimui<br \/>\nProdukto svoris [kg]: 57,5<\/p>","protected":false},"featured_media":288772,"comment_status":"open","ping_status":"open","template":"","meta":[],"product_brand":[],"product_cat":[9202,1175],"product_tag":[],"class_list":{"0":"post-288771","1":"product","2":"type-product","3":"status-publish","4":"has-post-thumbnail","6":"product_cat-asm","7":"product_cat-tv-stands","9":"first","10":"instock","11":"purchasable","12":"product-type-simple"},"_links":{"self":[{"href":"https:\/\/baldumarket.lt\/lt\/wp-json\/wp\/v2\/product\/288771","targetHints":{"allow":["GET"]}}],"collection":[{"href":"https:\/\/baldumarket.lt\/lt\/wp-json\/wp\/v2\/product"}],"about":[{"href":"https:\/\/baldumarket.lt\/lt\/wp-json\/wp\/v2\/types\/product"}],"replies":[{"embeddable":true,"href":"https:\/\/baldumarket.lt\/lt\/wp-json\/wp\/v2\/comments?post=288771"}],"wp:featuredmedia":[{"embeddable":true,"href":"https:\/\/baldumarket.lt\/lt\/wp-json\/wp\/v2\/media\/288772"}],"wp:attachment":[{"href":"https:\/\/baldumarket.lt\/lt\/wp-json\/wp\/v2\/media?parent=288771"}],"wp:term":[{"taxonomy":"product_brand","embeddable":true,"href":"https:\/\/baldumarket.lt\/lt\/wp-json\/wp\/v2\/product_brand?post=288771"},{"taxonomy":"product_cat","embeddable":true,"href":"https:\/\/baldumarket.lt\/lt\/wp-json\/wp\/v2\/product_cat?post=288771"},{"taxonomy":"product_tag","embeddable":true,"href":"https:\/\/baldumarket.lt\/lt\/wp-json\/wp\/v2\/product_tag?post=288771"}],"curies":[{"name":"wp","href":"https:\/\/api.w.org\/{rel}","templated":true}]}}